{"id":13631,"date":"2023-03-17T00:05:59","date_gmt":"2023-03-16T23:05:59","guid":{"rendered":"https:\/\/nexelec.eu\/sicherheit-alarmanlagen\/rauchmelder\/"},"modified":"2024-07-24T13:52:35","modified_gmt":"2024-07-24T11:52:35","slug":"rauchmelder","status":"publish","type":"page","link":"https:\/\/nexelec.eu\/de\/sicherheit-alarmanlagen\/rauchmelder\/","title":{"rendered":"Rauchmelder"},"content":{"rendered":"","protected":false},"excerpt":{"rendered":"","protected":false},"author":2,"featured_media":0,"parent":13604,"menu_order":0,"comment_status":"closed","ping_status":"closed","template":"page-produit-category-niv2.php","meta":{"_acf_changed":false,"footnotes":""},"class_list":["post-13631","page","type-page","status-publish","hentry"],"acf":[],"yoast_head":"<!-- This site is optimized with the Yoast SEO plugin v23.5 - https:\/\/yoast.com\/wordpress\/plugins\/seo\/ -->\n<title>Rauchmelder - Rauch | Nexelec<\/title>\n<meta name=\"description\" content=\"Entdecken Sie unser Angebot an Rauchmelder, die in Geb\u00e4uden und St\u00e4dten nicht zu vernachl\u00e4ssigen sind. Rauch.\" \/>\n<meta name=\"robots\" content=\"index, follow, max-snippet:-1, max-image-preview:large, max-video-preview:-1\" \/>\n<link rel=\"canonical\" href=\"https:\/\/nexelec.eu\/de\/sicherheit-alarmanlagen\/rauchmelder\/\" \/>\n<meta property=\"og:locale\" content=\"de_DE\" \/>\n<meta property=\"og:type\" content=\"article\" \/>\n<meta property=\"og:title\" content=\"Rauchmelder - Rauch | Nexelec\" \/>\n<meta property=\"og:description\" content=\"Entdecken Sie unser Angebot an Rauchmelder, die in Geb\u00e4uden und St\u00e4dten nicht zu vernachl\u00e4ssigen sind. Rauch.\" \/>\n<meta property=\"og:url\" content=\"https:\/\/nexelec.eu\/de\/sicherheit-alarmanlagen\/rauchmelder\/\" \/>\n<meta property=\"og:site_name\" content=\"Nexelec\" \/>\n<meta property=\"article:modified_time\" content=\"2024-07-24T11:52:35+00:00\" \/>\n<meta name=\"twitter:card\" content=\"summary_large_image\" \/>\n<script type=\"application\/ld+json\" class=\"yoast-schema-graph\">{\"@context\":\"https:\/\/schema.org\",\"@graph\":[{\"@type\":\"WebPage\",\"@id\":\"https:\/\/nexelec.eu\/de\/sicherheit-alarmanlagen\/rauchmelder\/\",\"url\":\"https:\/\/nexelec.eu\/de\/sicherheit-alarmanlagen\/rauchmelder\/\",\"name\":\"Rauchmelder - Rauch | Nexelec\",\"isPartOf\":{\"@id\":\"https:\/\/nexelec.eu\/de\/#website\"},\"datePublished\":\"2023-03-16T23:05:59+00:00\",\"dateModified\":\"2024-07-24T11:52:35+00:00\",\"description\":\"Entdecken Sie unser Angebot an Rauchmelder, die in Geb\u00e4uden und St\u00e4dten nicht zu vernachl\u00e4ssigen sind. Rauch.\",\"breadcrumb\":{\"@id\":\"https:\/\/nexelec.eu\/de\/sicherheit-alarmanlagen\/rauchmelder\/#breadcrumb\"},\"inLanguage\":\"de\",\"potentialAction\":[{\"@type\":\"ReadAction\",\"target\":[\"https:\/\/nexelec.eu\/de\/sicherheit-alarmanlagen\/rauchmelder\/\"]}]},{\"@type\":\"BreadcrumbList\",\"@id\":\"https:\/\/nexelec.eu\/de\/sicherheit-alarmanlagen\/rauchmelder\/#breadcrumb\",\"itemListElement\":[{\"@type\":\"ListItem\",\"position\":1,\"name\":\"Accueil\",\"item\":\"https:\/\/nexelec.eu\/de\/\"},{\"@type\":\"ListItem\",\"position\":2,\"name\":\"Sicherheit &amp; Alarmanlagen\",\"item\":\"https:\/\/nexelec.eu\/de\/sicherheit-alarmanlagen\/\"},{\"@type\":\"ListItem\",\"position\":3,\"name\":\"Rauchmelder\"}]},{\"@type\":\"WebSite\",\"@id\":\"https:\/\/nexelec.eu\/de\/#website\",\"url\":\"https:\/\/nexelec.eu\/de\/\",\"name\":\"Nexelec\",\"description\":\"Capteurs  intelligents pour les b\u00e2timents et les villes\",\"publisher\":{\"@id\":\"https:\/\/nexelec.eu\/de\/#organization\"},\"potentialAction\":[{\"@type\":\"SearchAction\",\"target\":{\"@type\":\"EntryPoint\",\"urlTemplate\":\"https:\/\/nexelec.eu\/de\/?s={search_term_string}\"},\"query-input\":{\"@type\":\"PropertyValueSpecification\",\"valueRequired\":true,\"valueName\":\"search_term_string\"}}],\"inLanguage\":\"de\"},{\"@type\":\"Organization\",\"@id\":\"https:\/\/nexelec.eu\/de\/#organization\",\"name\":\"Nexelec\",\"url\":\"https:\/\/nexelec.eu\/de\/\",\"logo\":{\"@type\":\"ImageObject\",\"inLanguage\":\"de\",\"@id\":\"https:\/\/nexelec.eu\/de\/#\/schema\/logo\/image\/\",\"url\":\"https:\/\/nexelec.eu\/wp-content\/uploads\/2023\/08\/BD_RVB_LOGO_PRINCIPAL_SANS-BASELINE_NEXELEC_NOIR.png\",\"contentUrl\":\"https:\/\/nexelec.eu\/wp-content\/uploads\/2023\/08\/BD_RVB_LOGO_PRINCIPAL_SANS-BASELINE_NEXELEC_NOIR.png\",\"width\":742,\"height\":217,\"caption\":\"Nexelec\"},\"image\":{\"@id\":\"https:\/\/nexelec.eu\/de\/#\/schema\/logo\/image\/\"},\"sameAs\":[\"https:\/\/www.linkedin.com\/company\/18347281\/\"]}]}<\/script>\n<!-- \/ Yoast SEO plugin. -->","yoast_head_json":{"title":"Rauchmelder - Rauch | Nexelec","description":"Entdecken Sie unser Angebot an Rauchmelder, die in Geb\u00e4uden und St\u00e4dten nicht zu vernachl\u00e4ssigen sind. Rauch.","robots":{"index":"index","follow":"follow","max-snippet":"max-snippet:-1","max-image-preview":"max-image-preview:large","max-video-preview":"max-video-preview:-1"},"canonical":"https:\/\/nexelec.eu\/de\/sicherheit-alarmanlagen\/rauchmelder\/","og_locale":"de_DE","og_type":"article","og_title":"Rauchmelder - Rauch | Nexelec","og_description":"Entdecken Sie unser Angebot an Rauchmelder, die in Geb\u00e4uden und St\u00e4dten nicht zu vernachl\u00e4ssigen sind. Rauch.","og_url":"https:\/\/nexelec.eu\/de\/sicherheit-alarmanlagen\/rauchmelder\/","og_site_name":"Nexelec","article_modified_time":"2024-07-24T11:52:35+00:00","twitter_card":"summary_large_image","schema":{"@context":"https:\/\/schema.org","@graph":[{"@type":"WebPage","@id":"https:\/\/nexelec.eu\/de\/sicherheit-alarmanlagen\/rauchmelder\/","url":"https:\/\/nexelec.eu\/de\/sicherheit-alarmanlagen\/rauchmelder\/","name":"Rauchmelder - Rauch | Nexelec","isPartOf":{"@id":"https:\/\/nexelec.eu\/de\/#website"},"datePublished":"2023-03-16T23:05:59+00:00","dateModified":"2024-07-24T11:52:35+00:00","description":"Entdecken Sie unser Angebot an Rauchmelder, die in Geb\u00e4uden und St\u00e4dten nicht zu vernachl\u00e4ssigen sind. Rauch.","breadcrumb":{"@id":"https:\/\/nexelec.eu\/de\/sicherheit-alarmanlagen\/rauchmelder\/#breadcrumb"},"inLanguage":"de","potentialAction":[{"@type":"ReadAction","target":["https:\/\/nexelec.eu\/de\/sicherheit-alarmanlagen\/rauchmelder\/"]}]},{"@type":"BreadcrumbList","@id":"https:\/\/nexelec.eu\/de\/sicherheit-alarmanlagen\/rauchmelder\/#breadcrumb","itemListElement":[{"@type":"ListItem","position":1,"name":"Accueil","item":"https:\/\/nexelec.eu\/de\/"},{"@type":"ListItem","position":2,"name":"Sicherheit &amp; Alarmanlagen","item":"https:\/\/nexelec.eu\/de\/sicherheit-alarmanlagen\/"},{"@type":"ListItem","position":3,"name":"Rauchmelder"}]},{"@type":"WebSite","@id":"https:\/\/nexelec.eu\/de\/#website","url":"https:\/\/nexelec.eu\/de\/","name":"Nexelec","description":"Capteurs  intelligents pour les b\u00e2timents et les villes","publisher":{"@id":"https:\/\/nexelec.eu\/de\/#organization"},"potentialAction":[{"@type":"SearchAction","target":{"@type":"EntryPoint","urlTemplate":"https:\/\/nexelec.eu\/de\/?s={search_term_string}"},"query-input":{"@type":"PropertyValueSpecification","valueRequired":true,"valueName":"search_term_string"}}],"inLanguage":"de"},{"@type":"Organization","@id":"https:\/\/nexelec.eu\/de\/#organization","name":"Nexelec","url":"https:\/\/nexelec.eu\/de\/","logo":{"@type":"ImageObject","inLanguage":"de","@id":"https:\/\/nexelec.eu\/de\/#\/schema\/logo\/image\/","url":"https:\/\/nexelec.eu\/wp-content\/uploads\/2023\/08\/BD_RVB_LOGO_PRINCIPAL_SANS-BASELINE_NEXELEC_NOIR.png","contentUrl":"https:\/\/nexelec.eu\/wp-content\/uploads\/2023\/08\/BD_RVB_LOGO_PRINCIPAL_SANS-BASELINE_NEXELEC_NOIR.png","width":742,"height":217,"caption":"Nexelec"},"image":{"@id":"https:\/\/nexelec.eu\/de\/#\/schema\/logo\/image\/"},"sameAs":["https:\/\/www.linkedin.com\/company\/18347281\/"]}]}},"_links":{"self":[{"href":"https:\/\/nexelec.eu\/de\/wp-json\/wp\/v2\/pages\/13631","targetHints":{"allow":["GET"]}}],"collection":[{"href":"https:\/\/nexelec.eu\/de\/wp-json\/wp\/v2\/pages"}],"about":[{"href":"https:\/\/nexelec.eu\/de\/wp-json\/wp\/v2\/types\/page"}],"author":[{"embeddable":true,"href":"https:\/\/nexelec.eu\/de\/wp-json\/wp\/v2\/users\/2"}],"replies":[{"embeddable":true,"href":"https:\/\/nexelec.eu\/de\/wp-json\/wp\/v2\/comments?post=13631"}],"version-history":[{"count":0,"href":"https:\/\/nexelec.eu\/de\/wp-json\/wp\/v2\/pages\/13631\/revisions"}],"up":[{"embeddable":true,"href":"https:\/\/nexelec.eu\/de\/wp-json\/wp\/v2\/pages\/13604"}],"wp:attachment":[{"href":"https:\/\/nexelec.eu\/de\/wp-json\/wp\/v2\/media?parent=13631"}],"curies":[{"name":"wp","href":"https:\/\/api.w.org\/{rel}","templated":true}]}}