{"id":13648,"date":"2023-06-27T15:38:03","date_gmt":"2023-06-27T13:38:03","guid":{"rendered":"https:\/\/nexelec.eu\/ueberwachung-messung\/geraeuschsensoren-schallpegel\/"},"modified":"2025-09-30T08:49:09","modified_gmt":"2025-09-30T06:49:09","slug":"geraeuschsensoren-schallpegel","status":"publish","type":"page","link":"https:\/\/nexelec.eu\/de\/ueberwachung-messung\/geraeuschsensoren-schallpegel\/","title":{"rendered":"Ger\u00e4uschsensoren &amp; Schallpegel"},"content":{"rendered":"","protected":false},"excerpt":{"rendered":"","protected":false},"author":2,"featured_media":0,"parent":13618,"menu_order":0,"comment_status":"closed","ping_status":"closed","template":"page-produit-category-niv2.php","meta":{"_acf_changed":false,"footnotes":""},"class_list":["post-13648","page","type-page","status-publish","hentry"],"acf":[],"yoast_head":"<!-- This site is optimized with the Yoast SEO plugin v23.5 - https:\/\/yoast.com\/wordpress\/plugins\/seo\/ -->\n<title>Ger\u00e4uschsensor | Nexelec<\/title>\n<meta name=\"description\" content=\"Nexelec entwickelt Werkzeuge, um den L\u00e4rmpegel, der uns t\u00e4glich umgibt, pr\u00e4ventiv im Auge zu behalten.\" \/>\n<meta name=\"robots\" content=\"index, follow, max-snippet:-1, max-image-preview:large, max-video-preview:-1\" \/>\n<link rel=\"canonical\" href=\"https:\/\/nexelec.eu\/de\/ueberwachung-messung\/geraeuschsensoren-schallpegel\/\" \/>\n<meta property=\"og:locale\" content=\"de_DE\" \/>\n<meta property=\"og:type\" content=\"article\" \/>\n<meta property=\"og:title\" content=\"Ger\u00e4uschsensor | Nexelec\" \/>\n<meta property=\"og:description\" content=\"Nexelec entwickelt Werkzeuge, um den L\u00e4rmpegel, der uns t\u00e4glich umgibt, pr\u00e4ventiv im Auge zu behalten.\" \/>\n<meta property=\"og:url\" content=\"https:\/\/nexelec.eu\/de\/ueberwachung-messung\/geraeuschsensoren-schallpegel\/\" \/>\n<meta property=\"og:site_name\" content=\"Nexelec\" \/>\n<meta property=\"article:modified_time\" content=\"2025-09-30T06:49:09+00:00\" \/>\n<meta name=\"twitter:card\" content=\"summary_large_image\" \/>\n<meta name=\"twitter:label1\" content=\"Gesch\u00e4tzte Lesezeit\" \/>\n\t<meta name=\"twitter:data1\" content=\"1\u00a0Minute\" \/>\n<script type=\"application\/ld+json\" class=\"yoast-schema-graph\">{\"@context\":\"https:\/\/schema.org\",\"@graph\":[{\"@type\":\"WebPage\",\"@id\":\"https:\/\/nexelec.eu\/de\/ueberwachung-messung\/geraeuschsensoren-schallpegel\/\",\"url\":\"https:\/\/nexelec.eu\/de\/ueberwachung-messung\/geraeuschsensoren-schallpegel\/\",\"name\":\"Ger\u00e4uschsensor | Nexelec\",\"isPartOf\":{\"@id\":\"https:\/\/nexelec.eu\/de\/#website\"},\"datePublished\":\"2023-06-27T13:38:03+00:00\",\"dateModified\":\"2025-09-30T06:49:09+00:00\",\"description\":\"Nexelec entwickelt Werkzeuge, um den L\u00e4rmpegel, der uns t\u00e4glich umgibt, pr\u00e4ventiv im Auge zu behalten.\",\"breadcrumb\":{\"@id\":\"https:\/\/nexelec.eu\/de\/ueberwachung-messung\/geraeuschsensoren-schallpegel\/#breadcrumb\"},\"inLanguage\":\"de\",\"potentialAction\":[{\"@type\":\"ReadAction\",\"target\":[\"https:\/\/nexelec.eu\/de\/ueberwachung-messung\/geraeuschsensoren-schallpegel\/\"]}]},{\"@type\":\"BreadcrumbList\",\"@id\":\"https:\/\/nexelec.eu\/de\/ueberwachung-messung\/geraeuschsensoren-schallpegel\/#breadcrumb\",\"itemListElement\":[{\"@type\":\"ListItem\",\"position\":1,\"name\":\"Accueil\",\"item\":\"https:\/\/nexelec.eu\/de\/\"},{\"@type\":\"ListItem\",\"position\":2,\"name\":\"\u00dcberwachung &#038; Messung\",\"item\":\"https:\/\/nexelec.eu\/de\/ueberwachung-messung\/\"},{\"@type\":\"ListItem\",\"position\":3,\"name\":\"Ger\u00e4uschsensoren &amp; Schallpegel\"}]},{\"@type\":\"WebSite\",\"@id\":\"https:\/\/nexelec.eu\/de\/#website\",\"url\":\"https:\/\/nexelec.eu\/de\/\",\"name\":\"Nexelec\",\"description\":\"Capteurs  intelligents pour les b\u00e2timents et les villes\",\"publisher\":{\"@id\":\"https:\/\/nexelec.eu\/de\/#organization\"},\"potentialAction\":[{\"@type\":\"SearchAction\",\"target\":{\"@type\":\"EntryPoint\",\"urlTemplate\":\"https:\/\/nexelec.eu\/de\/?s={search_term_string}\"},\"query-input\":{\"@type\":\"PropertyValueSpecification\",\"valueRequired\":true,\"valueName\":\"search_term_string\"}}],\"inLanguage\":\"de\"},{\"@type\":\"Organization\",\"@id\":\"https:\/\/nexelec.eu\/de\/#organization\",\"name\":\"Nexelec\",\"url\":\"https:\/\/nexelec.eu\/de\/\",\"logo\":{\"@type\":\"ImageObject\",\"inLanguage\":\"de\",\"@id\":\"https:\/\/nexelec.eu\/de\/#\/schema\/logo\/image\/\",\"url\":\"https:\/\/nexelec.eu\/wp-content\/uploads\/2023\/08\/BD_RVB_LOGO_PRINCIPAL_SANS-BASELINE_NEXELEC_NOIR.png\",\"contentUrl\":\"https:\/\/nexelec.eu\/wp-content\/uploads\/2023\/08\/BD_RVB_LOGO_PRINCIPAL_SANS-BASELINE_NEXELEC_NOIR.png\",\"width\":742,\"height\":217,\"caption\":\"Nexelec\"},\"image\":{\"@id\":\"https:\/\/nexelec.eu\/de\/#\/schema\/logo\/image\/\"},\"sameAs\":[\"https:\/\/www.linkedin.com\/company\/18347281\/\"]}]}<\/script>\n<!-- \/ Yoast SEO plugin. -->","yoast_head_json":{"title":"Ger\u00e4uschsensor | Nexelec","description":"Nexelec entwickelt Werkzeuge, um den L\u00e4rmpegel, der uns t\u00e4glich umgibt, pr\u00e4ventiv im Auge zu behalten.","robots":{"index":"index","follow":"follow","max-snippet":"max-snippet:-1","max-image-preview":"max-image-preview:large","max-video-preview":"max-video-preview:-1"},"canonical":"https:\/\/nexelec.eu\/de\/ueberwachung-messung\/geraeuschsensoren-schallpegel\/","og_locale":"de_DE","og_type":"article","og_title":"Ger\u00e4uschsensor | Nexelec","og_description":"Nexelec entwickelt Werkzeuge, um den L\u00e4rmpegel, der uns t\u00e4glich umgibt, pr\u00e4ventiv im Auge zu behalten.","og_url":"https:\/\/nexelec.eu\/de\/ueberwachung-messung\/geraeuschsensoren-schallpegel\/","og_site_name":"Nexelec","article_modified_time":"2025-09-30T06:49:09+00:00","twitter_card":"summary_large_image","twitter_misc":{"Gesch\u00e4tzte Lesezeit":"1\u00a0Minute"},"schema":{"@context":"https:\/\/schema.org","@graph":[{"@type":"WebPage","@id":"https:\/\/nexelec.eu\/de\/ueberwachung-messung\/geraeuschsensoren-schallpegel\/","url":"https:\/\/nexelec.eu\/de\/ueberwachung-messung\/geraeuschsensoren-schallpegel\/","name":"Ger\u00e4uschsensor | Nexelec","isPartOf":{"@id":"https:\/\/nexelec.eu\/de\/#website"},"datePublished":"2023-06-27T13:38:03+00:00","dateModified":"2025-09-30T06:49:09+00:00","description":"Nexelec entwickelt Werkzeuge, um den L\u00e4rmpegel, der uns t\u00e4glich umgibt, pr\u00e4ventiv im Auge zu behalten.","breadcrumb":{"@id":"https:\/\/nexelec.eu\/de\/ueberwachung-messung\/geraeuschsensoren-schallpegel\/#breadcrumb"},"inLanguage":"de","potentialAction":[{"@type":"ReadAction","target":["https:\/\/nexelec.eu\/de\/ueberwachung-messung\/geraeuschsensoren-schallpegel\/"]}]},{"@type":"BreadcrumbList","@id":"https:\/\/nexelec.eu\/de\/ueberwachung-messung\/geraeuschsensoren-schallpegel\/#breadcrumb","itemListElement":[{"@type":"ListItem","position":1,"name":"Accueil","item":"https:\/\/nexelec.eu\/de\/"},{"@type":"ListItem","position":2,"name":"\u00dcberwachung &#038; Messung","item":"https:\/\/nexelec.eu\/de\/ueberwachung-messung\/"},{"@type":"ListItem","position":3,"name":"Ger\u00e4uschsensoren &amp; Schallpegel"}]},{"@type":"WebSite","@id":"https:\/\/nexelec.eu\/de\/#website","url":"https:\/\/nexelec.eu\/de\/","name":"Nexelec","description":"Capteurs  intelligents pour les b\u00e2timents et les villes","publisher":{"@id":"https:\/\/nexelec.eu\/de\/#organization"},"potentialAction":[{"@type":"SearchAction","target":{"@type":"EntryPoint","urlTemplate":"https:\/\/nexelec.eu\/de\/?s={search_term_string}"},"query-input":{"@type":"PropertyValueSpecification","valueRequired":true,"valueName":"search_term_string"}}],"inLanguage":"de"},{"@type":"Organization","@id":"https:\/\/nexelec.eu\/de\/#organization","name":"Nexelec","url":"https:\/\/nexelec.eu\/de\/","logo":{"@type":"ImageObject","inLanguage":"de","@id":"https:\/\/nexelec.eu\/de\/#\/schema\/logo\/image\/","url":"https:\/\/nexelec.eu\/wp-content\/uploads\/2023\/08\/BD_RVB_LOGO_PRINCIPAL_SANS-BASELINE_NEXELEC_NOIR.png","contentUrl":"https:\/\/nexelec.eu\/wp-content\/uploads\/2023\/08\/BD_RVB_LOGO_PRINCIPAL_SANS-BASELINE_NEXELEC_NOIR.png","width":742,"height":217,"caption":"Nexelec"},"image":{"@id":"https:\/\/nexelec.eu\/de\/#\/schema\/logo\/image\/"},"sameAs":["https:\/\/www.linkedin.com\/company\/18347281\/"]}]}},"_links":{"self":[{"href":"https:\/\/nexelec.eu\/de\/wp-json\/wp\/v2\/pages\/13648","targetHints":{"allow":["GET"]}}],"collection":[{"href":"https:\/\/nexelec.eu\/de\/wp-json\/wp\/v2\/pages"}],"about":[{"href":"https:\/\/nexelec.eu\/de\/wp-json\/wp\/v2\/types\/page"}],"author":[{"embeddable":true,"href":"https:\/\/nexelec.eu\/de\/wp-json\/wp\/v2\/users\/2"}],"replies":[{"embeddable":true,"href":"https:\/\/nexelec.eu\/de\/wp-json\/wp\/v2\/comments?post=13648"}],"version-history":[{"count":0,"href":"https:\/\/nexelec.eu\/de\/wp-json\/wp\/v2\/pages\/13648\/revisions"}],"up":[{"embeddable":true,"href":"https:\/\/nexelec.eu\/de\/wp-json\/wp\/v2\/pages\/13618"}],"wp:attachment":[{"href":"https:\/\/nexelec.eu\/de\/wp-json\/wp\/v2\/media?parent=13648"}],"curies":[{"name":"wp","href":"https:\/\/api.w.org\/{rel}","templated":true}]}}