{"id":13658,"date":"2023-06-28T09:23:51","date_gmt":"2023-06-28T07:23:51","guid":{"rendered":"https:\/\/nexelec.eu\/loesungen-dienstleistungen\/messung-und-ueberwachung-der-luftqualitaet-in-innenraeumen\/"},"modified":"2024-07-22T09:16:49","modified_gmt":"2024-07-22T07:16:49","slug":"messung-und-ueberwachung-der-luftqualitaet-in-innenraeumen","status":"publish","type":"page","link":"https:\/\/nexelec.eu\/de\/loesungen-dienstleistungen\/messung-und-ueberwachung-der-luftqualitaet-in-innenraeumen\/","title":{"rendered":"Messung und \u00dcberwachung der Luftqualit\u00e4t in Innenr\u00e4umen"},"content":{"rendered":"","protected":false},"excerpt":{"rendered":"","protected":false},"author":3,"featured_media":0,"parent":13622,"menu_order":0,"comment_status":"closed","ping_status":"closed","template":"page-produit-category-niv1.php","meta":{"_acf_changed":false,"footnotes":""},"class_list":["post-13658","page","type-page","status-publish","hentry"],"acf":[],"yoast_head":"<!-- This site is optimized with the Yoast SEO plugin v23.5 - https:\/\/yoast.com\/wordpress\/plugins\/seo\/ -->\n<title>\u00dcberwachung der Luftqualit\u00e4t in Innenr\u00e4umen | Nexelec<\/title>\n<meta name=\"description\" content=\"Nexelec hat verschiedene L\u00f6sungen f\u00fcr die \u00dcberwachung der Luftqualit\u00e4t in Innenr\u00e4umen entwickelt. \u00dcberwachen Sie die IAQ in Ihren Geb\u00e4uden\" \/>\n<meta name=\"robots\" content=\"index, follow, max-snippet:-1, max-image-preview:large, max-video-preview:-1\" \/>\n<link rel=\"canonical\" href=\"https:\/\/nexelec.eu\/de\/loesungen-dienstleistungen\/messung-und-ueberwachung-der-luftqualitaet-in-innenraeumen\/\" \/>\n<meta property=\"og:locale\" content=\"de_DE\" \/>\n<meta property=\"og:type\" content=\"article\" \/>\n<meta property=\"og:title\" content=\"\u00dcberwachung der Luftqualit\u00e4t in Innenr\u00e4umen | Nexelec\" \/>\n<meta property=\"og:description\" content=\"Nexelec hat verschiedene L\u00f6sungen f\u00fcr die \u00dcberwachung der Luftqualit\u00e4t in Innenr\u00e4umen entwickelt. \u00dcberwachen Sie die IAQ in Ihren Geb\u00e4uden\" \/>\n<meta property=\"og:url\" content=\"https:\/\/nexelec.eu\/de\/loesungen-dienstleistungen\/messung-und-ueberwachung-der-luftqualitaet-in-innenraeumen\/\" \/>\n<meta property=\"og:site_name\" content=\"Nexelec\" \/>\n<meta property=\"article:modified_time\" content=\"2024-07-22T07:16:49+00:00\" \/>\n<meta name=\"twitter:card\" content=\"summary_large_image\" \/>\n<script type=\"application\/ld+json\" class=\"yoast-schema-graph\">{\"@context\":\"https:\/\/schema.org\",\"@graph\":[{\"@type\":\"WebPage\",\"@id\":\"https:\/\/nexelec.eu\/de\/loesungen-dienstleistungen\/messung-und-ueberwachung-der-luftqualitaet-in-innenraeumen\/\",\"url\":\"https:\/\/nexelec.eu\/de\/loesungen-dienstleistungen\/messung-und-ueberwachung-der-luftqualitaet-in-innenraeumen\/\",\"name\":\"\u00dcberwachung der Luftqualit\u00e4t in Innenr\u00e4umen | Nexelec\",\"isPartOf\":{\"@id\":\"https:\/\/nexelec.eu\/de\/#website\"},\"datePublished\":\"2023-06-28T07:23:51+00:00\",\"dateModified\":\"2024-07-22T07:16:49+00:00\",\"description\":\"Nexelec hat verschiedene L\u00f6sungen f\u00fcr die \u00dcberwachung der Luftqualit\u00e4t in Innenr\u00e4umen entwickelt. \u00dcberwachen Sie die IAQ in Ihren Geb\u00e4uden\",\"breadcrumb\":{\"@id\":\"https:\/\/nexelec.eu\/de\/loesungen-dienstleistungen\/messung-und-ueberwachung-der-luftqualitaet-in-innenraeumen\/#breadcrumb\"},\"inLanguage\":\"de\",\"potentialAction\":[{\"@type\":\"ReadAction\",\"target\":[\"https:\/\/nexelec.eu\/de\/loesungen-dienstleistungen\/messung-und-ueberwachung-der-luftqualitaet-in-innenraeumen\/\"]}]},{\"@type\":\"BreadcrumbList\",\"@id\":\"https:\/\/nexelec.eu\/de\/loesungen-dienstleistungen\/messung-und-ueberwachung-der-luftqualitaet-in-innenraeumen\/#breadcrumb\",\"itemListElement\":[{\"@type\":\"ListItem\",\"position\":1,\"name\":\"Accueil\",\"item\":\"https:\/\/nexelec.eu\/de\/\"},{\"@type\":\"ListItem\",\"position\":2,\"name\":\"L\u00f6sungen &#038; Dienstleistungen\",\"item\":\"https:\/\/nexelec.eu\/de\/loesungen-dienstleistungen\/\"},{\"@type\":\"ListItem\",\"position\":3,\"name\":\"Messung und \u00dcberwachung der Luftqualit\u00e4t in Innenr\u00e4umen\"}]},{\"@type\":\"WebSite\",\"@id\":\"https:\/\/nexelec.eu\/de\/#website\",\"url\":\"https:\/\/nexelec.eu\/de\/\",\"name\":\"Nexelec\",\"description\":\"Capteurs  intelligents pour les b\u00e2timents et les villes\",\"publisher\":{\"@id\":\"https:\/\/nexelec.eu\/de\/#organization\"},\"potentialAction\":[{\"@type\":\"SearchAction\",\"target\":{\"@type\":\"EntryPoint\",\"urlTemplate\":\"https:\/\/nexelec.eu\/de\/?s={search_term_string}\"},\"query-input\":{\"@type\":\"PropertyValueSpecification\",\"valueRequired\":true,\"valueName\":\"search_term_string\"}}],\"inLanguage\":\"de\"},{\"@type\":\"Organization\",\"@id\":\"https:\/\/nexelec.eu\/de\/#organization\",\"name\":\"Nexelec\",\"url\":\"https:\/\/nexelec.eu\/de\/\",\"logo\":{\"@type\":\"ImageObject\",\"inLanguage\":\"de\",\"@id\":\"https:\/\/nexelec.eu\/de\/#\/schema\/logo\/image\/\",\"url\":\"https:\/\/nexelec.eu\/wp-content\/uploads\/2023\/08\/BD_RVB_LOGO_PRINCIPAL_SANS-BASELINE_NEXELEC_NOIR.png\",\"contentUrl\":\"https:\/\/nexelec.eu\/wp-content\/uploads\/2023\/08\/BD_RVB_LOGO_PRINCIPAL_SANS-BASELINE_NEXELEC_NOIR.png\",\"width\":742,\"height\":217,\"caption\":\"Nexelec\"},\"image\":{\"@id\":\"https:\/\/nexelec.eu\/de\/#\/schema\/logo\/image\/\"},\"sameAs\":[\"https:\/\/www.linkedin.com\/company\/18347281\/\"]}]}<\/script>\n<!-- \/ Yoast SEO plugin. -->","yoast_head_json":{"title":"\u00dcberwachung der Luftqualit\u00e4t in Innenr\u00e4umen | Nexelec","description":"Nexelec hat verschiedene L\u00f6sungen f\u00fcr die \u00dcberwachung der Luftqualit\u00e4t in Innenr\u00e4umen entwickelt. \u00dcberwachen Sie die IAQ in Ihren Geb\u00e4uden","robots":{"index":"index","follow":"follow","max-snippet":"max-snippet:-1","max-image-preview":"max-image-preview:large","max-video-preview":"max-video-preview:-1"},"canonical":"https:\/\/nexelec.eu\/de\/loesungen-dienstleistungen\/messung-und-ueberwachung-der-luftqualitaet-in-innenraeumen\/","og_locale":"de_DE","og_type":"article","og_title":"\u00dcberwachung der Luftqualit\u00e4t in Innenr\u00e4umen | Nexelec","og_description":"Nexelec hat verschiedene L\u00f6sungen f\u00fcr die \u00dcberwachung der Luftqualit\u00e4t in Innenr\u00e4umen entwickelt. \u00dcberwachen Sie die IAQ in Ihren Geb\u00e4uden","og_url":"https:\/\/nexelec.eu\/de\/loesungen-dienstleistungen\/messung-und-ueberwachung-der-luftqualitaet-in-innenraeumen\/","og_site_name":"Nexelec","article_modified_time":"2024-07-22T07:16:49+00:00","twitter_card":"summary_large_image","schema":{"@context":"https:\/\/schema.org","@graph":[{"@type":"WebPage","@id":"https:\/\/nexelec.eu\/de\/loesungen-dienstleistungen\/messung-und-ueberwachung-der-luftqualitaet-in-innenraeumen\/","url":"https:\/\/nexelec.eu\/de\/loesungen-dienstleistungen\/messung-und-ueberwachung-der-luftqualitaet-in-innenraeumen\/","name":"\u00dcberwachung der Luftqualit\u00e4t in Innenr\u00e4umen | Nexelec","isPartOf":{"@id":"https:\/\/nexelec.eu\/de\/#website"},"datePublished":"2023-06-28T07:23:51+00:00","dateModified":"2024-07-22T07:16:49+00:00","description":"Nexelec hat verschiedene L\u00f6sungen f\u00fcr die \u00dcberwachung der Luftqualit\u00e4t in Innenr\u00e4umen entwickelt. \u00dcberwachen Sie die IAQ in Ihren Geb\u00e4uden","breadcrumb":{"@id":"https:\/\/nexelec.eu\/de\/loesungen-dienstleistungen\/messung-und-ueberwachung-der-luftqualitaet-in-innenraeumen\/#breadcrumb"},"inLanguage":"de","potentialAction":[{"@type":"ReadAction","target":["https:\/\/nexelec.eu\/de\/loesungen-dienstleistungen\/messung-und-ueberwachung-der-luftqualitaet-in-innenraeumen\/"]}]},{"@type":"BreadcrumbList","@id":"https:\/\/nexelec.eu\/de\/loesungen-dienstleistungen\/messung-und-ueberwachung-der-luftqualitaet-in-innenraeumen\/#breadcrumb","itemListElement":[{"@type":"ListItem","position":1,"name":"Accueil","item":"https:\/\/nexelec.eu\/de\/"},{"@type":"ListItem","position":2,"name":"L\u00f6sungen &#038; Dienstleistungen","item":"https:\/\/nexelec.eu\/de\/loesungen-dienstleistungen\/"},{"@type":"ListItem","position":3,"name":"Messung und \u00dcberwachung der Luftqualit\u00e4t in Innenr\u00e4umen"}]},{"@type":"WebSite","@id":"https:\/\/nexelec.eu\/de\/#website","url":"https:\/\/nexelec.eu\/de\/","name":"Nexelec","description":"Capteurs  intelligents pour les b\u00e2timents et les villes","publisher":{"@id":"https:\/\/nexelec.eu\/de\/#organization"},"potentialAction":[{"@type":"SearchAction","target":{"@type":"EntryPoint","urlTemplate":"https:\/\/nexelec.eu\/de\/?s={search_term_string}"},"query-input":{"@type":"PropertyValueSpecification","valueRequired":true,"valueName":"search_term_string"}}],"inLanguage":"de"},{"@type":"Organization","@id":"https:\/\/nexelec.eu\/de\/#organization","name":"Nexelec","url":"https:\/\/nexelec.eu\/de\/","logo":{"@type":"ImageObject","inLanguage":"de","@id":"https:\/\/nexelec.eu\/de\/#\/schema\/logo\/image\/","url":"https:\/\/nexelec.eu\/wp-content\/uploads\/2023\/08\/BD_RVB_LOGO_PRINCIPAL_SANS-BASELINE_NEXELEC_NOIR.png","contentUrl":"https:\/\/nexelec.eu\/wp-content\/uploads\/2023\/08\/BD_RVB_LOGO_PRINCIPAL_SANS-BASELINE_NEXELEC_NOIR.png","width":742,"height":217,"caption":"Nexelec"},"image":{"@id":"https:\/\/nexelec.eu\/de\/#\/schema\/logo\/image\/"},"sameAs":["https:\/\/www.linkedin.com\/company\/18347281\/"]}]}},"_links":{"self":[{"href":"https:\/\/nexelec.eu\/de\/wp-json\/wp\/v2\/pages\/13658","targetHints":{"allow":["GET"]}}],"collection":[{"href":"https:\/\/nexelec.eu\/de\/wp-json\/wp\/v2\/pages"}],"about":[{"href":"https:\/\/nexelec.eu\/de\/wp-json\/wp\/v2\/types\/page"}],"author":[{"embeddable":true,"href":"https:\/\/nexelec.eu\/de\/wp-json\/wp\/v2\/users\/3"}],"replies":[{"embeddable":true,"href":"https:\/\/nexelec.eu\/de\/wp-json\/wp\/v2\/comments?post=13658"}],"version-history":[{"count":0,"href":"https:\/\/nexelec.eu\/de\/wp-json\/wp\/v2\/pages\/13658\/revisions"}],"up":[{"embeddable":true,"href":"https:\/\/nexelec.eu\/de\/wp-json\/wp\/v2\/pages\/13622"}],"wp:attachment":[{"href":"https:\/\/nexelec.eu\/de\/wp-json\/wp\/v2\/media?parent=13658"}],"curies":[{"name":"wp","href":"https:\/\/api.w.org\/{rel}","templated":true}]}}