{"id":13730,"date":"2024-03-20T08:59:05","date_gmt":"2024-03-20T07:59:05","guid":{"rendered":"https:\/\/nexelec.eu\/fernbedienungen-fuer-autonome-melder\/"},"modified":"2026-02-18T09:24:21","modified_gmt":"2026-02-18T08:24:21","slug":"fernbedienungen-fuer-autonome-melder","status":"publish","type":"page","link":"https:\/\/nexelec.eu\/de\/fernbedienungen-fuer-autonome-melder\/","title":{"rendered":"Fernbedienungen f\u00fcr autonome Melder"},"content":{"rendered":"","protected":false},"excerpt":{"rendered":"","protected":false},"author":3,"featured_media":0,"parent":0,"menu_order":0,"comment_status":"closed","ping_status":"closed","template":"page-produit-category-niv2.php","meta":{"_acf_changed":false,"footnotes":""},"class_list":["post-13730","page","type-page","status-publish","hentry"],"acf":[],"yoast_head":"<!-- This site is optimized with the Yoast SEO plugin v23.5 - https:\/\/yoast.com\/wordpress\/plugins\/seo\/ -->\n<title>Fernbedienungen f\u00fcr Melder I Nexelec<\/title>\n<meta name=\"description\" content=\"Erleichtern Sie sich die Pr\u00fcfung und Wartung von Meldern mit den Fernbedienungen f\u00fcr autonome Melder von Nexelec.\" \/>\n<meta name=\"robots\" content=\"index, follow, max-snippet:-1, max-image-preview:large, max-video-preview:-1\" \/>\n<link rel=\"canonical\" href=\"https:\/\/nexelec.eu\/de\/fernbedienungen-fuer-autonome-melder\/\" \/>\n<meta property=\"og:locale\" content=\"de_DE\" \/>\n<meta property=\"og:type\" content=\"article\" \/>\n<meta property=\"og:title\" content=\"Fernbedienungen f\u00fcr Melder I Nexelec\" \/>\n<meta property=\"og:description\" content=\"Erleichtern Sie sich die Pr\u00fcfung und Wartung von Meldern mit den Fernbedienungen f\u00fcr autonome Melder von Nexelec.\" \/>\n<meta property=\"og:url\" content=\"https:\/\/nexelec.eu\/de\/fernbedienungen-fuer-autonome-melder\/\" \/>\n<meta property=\"og:site_name\" content=\"Nexelec\" \/>\n<meta property=\"article:modified_time\" content=\"2026-02-18T08:24:21+00:00\" \/>\n<meta name=\"twitter:card\" content=\"summary_large_image\" \/>\n<meta name=\"twitter:label1\" content=\"Gesch\u00e4tzte Lesezeit\" \/>\n\t<meta name=\"twitter:data1\" content=\"1\u00a0Minute\" \/>\n<script type=\"application\/ld+json\" class=\"yoast-schema-graph\">{\"@context\":\"https:\/\/schema.org\",\"@graph\":[{\"@type\":\"WebPage\",\"@id\":\"https:\/\/nexelec.eu\/de\/fernbedienungen-fuer-autonome-melder\/\",\"url\":\"https:\/\/nexelec.eu\/de\/fernbedienungen-fuer-autonome-melder\/\",\"name\":\"Fernbedienungen f\u00fcr Melder I Nexelec\",\"isPartOf\":{\"@id\":\"https:\/\/nexelec.eu\/de\/#website\"},\"datePublished\":\"2024-03-20T07:59:05+00:00\",\"dateModified\":\"2026-02-18T08:24:21+00:00\",\"description\":\"Erleichtern Sie sich die Pr\u00fcfung und Wartung von Meldern mit den Fernbedienungen f\u00fcr autonome Melder von Nexelec.\",\"breadcrumb\":{\"@id\":\"https:\/\/nexelec.eu\/de\/fernbedienungen-fuer-autonome-melder\/#breadcrumb\"},\"inLanguage\":\"de\",\"potentialAction\":[{\"@type\":\"ReadAction\",\"target\":[\"https:\/\/nexelec.eu\/de\/fernbedienungen-fuer-autonome-melder\/\"]}]},{\"@type\":\"BreadcrumbList\",\"@id\":\"https:\/\/nexelec.eu\/de\/fernbedienungen-fuer-autonome-melder\/#breadcrumb\",\"itemListElement\":[{\"@type\":\"ListItem\",\"position\":1,\"name\":\"Accueil\",\"item\":\"https:\/\/nexelec.eu\/de\/\"},{\"@type\":\"ListItem\",\"position\":2,\"name\":\"Fernbedienungen f\u00fcr autonome Melder\"}]},{\"@type\":\"WebSite\",\"@id\":\"https:\/\/nexelec.eu\/de\/#website\",\"url\":\"https:\/\/nexelec.eu\/de\/\",\"name\":\"Nexelec\",\"description\":\"Capteurs  intelligents pour les b\u00e2timents et les villes\",\"publisher\":{\"@id\":\"https:\/\/nexelec.eu\/de\/#organization\"},\"potentialAction\":[{\"@type\":\"SearchAction\",\"target\":{\"@type\":\"EntryPoint\",\"urlTemplate\":\"https:\/\/nexelec.eu\/de\/?s={search_term_string}\"},\"query-input\":{\"@type\":\"PropertyValueSpecification\",\"valueRequired\":true,\"valueName\":\"search_term_string\"}}],\"inLanguage\":\"de\"},{\"@type\":\"Organization\",\"@id\":\"https:\/\/nexelec.eu\/de\/#organization\",\"name\":\"Nexelec\",\"url\":\"https:\/\/nexelec.eu\/de\/\",\"logo\":{\"@type\":\"ImageObject\",\"inLanguage\":\"de\",\"@id\":\"https:\/\/nexelec.eu\/de\/#\/schema\/logo\/image\/\",\"url\":\"https:\/\/nexelec.eu\/wp-content\/uploads\/2023\/08\/BD_RVB_LOGO_PRINCIPAL_SANS-BASELINE_NEXELEC_NOIR.png\",\"contentUrl\":\"https:\/\/nexelec.eu\/wp-content\/uploads\/2023\/08\/BD_RVB_LOGO_PRINCIPAL_SANS-BASELINE_NEXELEC_NOIR.png\",\"width\":742,\"height\":217,\"caption\":\"Nexelec\"},\"image\":{\"@id\":\"https:\/\/nexelec.eu\/de\/#\/schema\/logo\/image\/\"},\"sameAs\":[\"https:\/\/www.linkedin.com\/company\/18347281\/\"]}]}<\/script>\n<!-- \/ Yoast SEO plugin. -->","yoast_head_json":{"title":"Fernbedienungen f\u00fcr Melder I Nexelec","description":"Erleichtern Sie sich die Pr\u00fcfung und Wartung von Meldern mit den Fernbedienungen f\u00fcr autonome Melder von Nexelec.","robots":{"index":"index","follow":"follow","max-snippet":"max-snippet:-1","max-image-preview":"max-image-preview:large","max-video-preview":"max-video-preview:-1"},"canonical":"https:\/\/nexelec.eu\/de\/fernbedienungen-fuer-autonome-melder\/","og_locale":"de_DE","og_type":"article","og_title":"Fernbedienungen f\u00fcr Melder I Nexelec","og_description":"Erleichtern Sie sich die Pr\u00fcfung und Wartung von Meldern mit den Fernbedienungen f\u00fcr autonome Melder von Nexelec.","og_url":"https:\/\/nexelec.eu\/de\/fernbedienungen-fuer-autonome-melder\/","og_site_name":"Nexelec","article_modified_time":"2026-02-18T08:24:21+00:00","twitter_card":"summary_large_image","twitter_misc":{"Gesch\u00e4tzte Lesezeit":"1\u00a0Minute"},"schema":{"@context":"https:\/\/schema.org","@graph":[{"@type":"WebPage","@id":"https:\/\/nexelec.eu\/de\/fernbedienungen-fuer-autonome-melder\/","url":"https:\/\/nexelec.eu\/de\/fernbedienungen-fuer-autonome-melder\/","name":"Fernbedienungen f\u00fcr Melder I Nexelec","isPartOf":{"@id":"https:\/\/nexelec.eu\/de\/#website"},"datePublished":"2024-03-20T07:59:05+00:00","dateModified":"2026-02-18T08:24:21+00:00","description":"Erleichtern Sie sich die Pr\u00fcfung und Wartung von Meldern mit den Fernbedienungen f\u00fcr autonome Melder von Nexelec.","breadcrumb":{"@id":"https:\/\/nexelec.eu\/de\/fernbedienungen-fuer-autonome-melder\/#breadcrumb"},"inLanguage":"de","potentialAction":[{"@type":"ReadAction","target":["https:\/\/nexelec.eu\/de\/fernbedienungen-fuer-autonome-melder\/"]}]},{"@type":"BreadcrumbList","@id":"https:\/\/nexelec.eu\/de\/fernbedienungen-fuer-autonome-melder\/#breadcrumb","itemListElement":[{"@type":"ListItem","position":1,"name":"Accueil","item":"https:\/\/nexelec.eu\/de\/"},{"@type":"ListItem","position":2,"name":"Fernbedienungen f\u00fcr autonome Melder"}]},{"@type":"WebSite","@id":"https:\/\/nexelec.eu\/de\/#website","url":"https:\/\/nexelec.eu\/de\/","name":"Nexelec","description":"Capteurs  intelligents pour les b\u00e2timents et les villes","publisher":{"@id":"https:\/\/nexelec.eu\/de\/#organization"},"potentialAction":[{"@type":"SearchAction","target":{"@type":"EntryPoint","urlTemplate":"https:\/\/nexelec.eu\/de\/?s={search_term_string}"},"query-input":{"@type":"PropertyValueSpecification","valueRequired":true,"valueName":"search_term_string"}}],"inLanguage":"de"},{"@type":"Organization","@id":"https:\/\/nexelec.eu\/de\/#organization","name":"Nexelec","url":"https:\/\/nexelec.eu\/de\/","logo":{"@type":"ImageObject","inLanguage":"de","@id":"https:\/\/nexelec.eu\/de\/#\/schema\/logo\/image\/","url":"https:\/\/nexelec.eu\/wp-content\/uploads\/2023\/08\/BD_RVB_LOGO_PRINCIPAL_SANS-BASELINE_NEXELEC_NOIR.png","contentUrl":"https:\/\/nexelec.eu\/wp-content\/uploads\/2023\/08\/BD_RVB_LOGO_PRINCIPAL_SANS-BASELINE_NEXELEC_NOIR.png","width":742,"height":217,"caption":"Nexelec"},"image":{"@id":"https:\/\/nexelec.eu\/de\/#\/schema\/logo\/image\/"},"sameAs":["https:\/\/www.linkedin.com\/company\/18347281\/"]}]}},"_links":{"self":[{"href":"https:\/\/nexelec.eu\/de\/wp-json\/wp\/v2\/pages\/13730","targetHints":{"allow":["GET"]}}],"collection":[{"href":"https:\/\/nexelec.eu\/de\/wp-json\/wp\/v2\/pages"}],"about":[{"href":"https:\/\/nexelec.eu\/de\/wp-json\/wp\/v2\/types\/page"}],"author":[{"embeddable":true,"href":"https:\/\/nexelec.eu\/de\/wp-json\/wp\/v2\/users\/3"}],"replies":[{"embeddable":true,"href":"https:\/\/nexelec.eu\/de\/wp-json\/wp\/v2\/comments?post=13730"}],"version-history":[{"count":0,"href":"https:\/\/nexelec.eu\/de\/wp-json\/wp\/v2\/pages\/13730\/revisions"}],"wp:attachment":[{"href":"https:\/\/nexelec.eu\/de\/wp-json\/wp\/v2\/media?parent=13730"}],"curies":[{"name":"wp","href":"https:\/\/api.w.org\/{rel}","templated":true}]}}