{"id":9668,"date":"2023-03-12T22:46:00","date_gmt":"2023-03-12T21:46:00","guid":{"rendered":"https:\/\/nexelec.eu\/intelligente-sensoren-fuer-gebaeude-und-staedte\/"},"modified":"2025-10-06T10:28:32","modified_gmt":"2025-10-06T08:28:32","slug":"intelligente-sensoren-fuer-gebaeude-und-staedte","status":"publish","type":"page","link":"https:\/\/nexelec.eu\/de\/","title":{"rendered":"Intelligente Sensoren f\u00fcr Geb\u00e4ude und St\u00e4dte"},"content":{"rendered":"","protected":false},"excerpt":{"rendered":"","protected":false},"author":1,"featured_media":0,"parent":0,"menu_order":0,"comment_status":"closed","ping_status":"closed","template":"page-accueil.php","meta":{"_acf_changed":false,"footnotes":""},"class_list":["post-9668","page","type-page","status-publish","hentry"],"acf":[],"yoast_head":"<!-- This site is optimized with the Yoast SEO plugin v23.5 - https:\/\/yoast.com\/wordpress\/plugins\/seo\/ -->\n<title>Nexelec I IoT-L\u00f6sungen f\u00fcr die Geb\u00e4udeleittechnik<\/title>\n<meta name=\"description\" content=\"Nexelec entwickelt Sensoren f\u00fcr die Sicherheit, die Qualit\u00e4t der Innen- und Au\u00dfenluft und die Energieeffizienz.\" \/>\n<meta name=\"robots\" content=\"index, follow, max-snippet:-1, max-image-preview:large, max-video-preview:-1\" \/>\n<link rel=\"canonical\" href=\"https:\/\/nexelec.eu\/de\/\" \/>\n<meta property=\"og:locale\" content=\"de_DE\" \/>\n<meta property=\"og:type\" content=\"article\" \/>\n<meta property=\"og:title\" content=\"Nexelec I IoT-L\u00f6sungen f\u00fcr die Geb\u00e4udeleittechnik\" \/>\n<meta property=\"og:description\" content=\"Nexelec entwickelt Sensoren f\u00fcr die Sicherheit, die Qualit\u00e4t der Innen- und Au\u00dfenluft und die Energieeffizienz.\" \/>\n<meta property=\"og:url\" content=\"https:\/\/nexelec.eu\/de\/\" \/>\n<meta property=\"og:site_name\" content=\"Nexelec\" \/>\n<meta property=\"article:modified_time\" content=\"2025-10-06T08:28:32+00:00\" \/>\n<meta name=\"twitter:card\" content=\"summary_large_image\" \/>\n<meta name=\"twitter:label1\" content=\"Gesch\u00e4tzte Lesezeit\" \/>\n\t<meta name=\"twitter:data1\" content=\"1\u00a0Minute\" \/>\n<script type=\"application\/ld+json\" class=\"yoast-schema-graph\">{\"@context\":\"https:\/\/schema.org\",\"@graph\":[{\"@type\":\"WebPage\",\"@id\":\"https:\/\/nexelec.eu\/de\/\",\"url\":\"https:\/\/nexelec.eu\/de\/\",\"name\":\"Nexelec I IoT-L\u00f6sungen f\u00fcr die Geb\u00e4udeleittechnik\",\"isPartOf\":{\"@id\":\"https:\/\/nexelec.eu\/de\/#website\"},\"datePublished\":\"2023-03-12T21:46:00+00:00\",\"dateModified\":\"2025-10-06T08:28:32+00:00\",\"description\":\"Nexelec entwickelt Sensoren f\u00fcr die Sicherheit, die Qualit\u00e4t der Innen- und Au\u00dfenluft und die Energieeffizienz.\",\"breadcrumb\":{\"@id\":\"https:\/\/nexelec.eu\/de\/#breadcrumb\"},\"inLanguage\":\"de\",\"potentialAction\":[{\"@type\":\"ReadAction\",\"target\":[\"https:\/\/nexelec.eu\/de\/\"]}]},{\"@type\":\"BreadcrumbList\",\"@id\":\"https:\/\/nexelec.eu\/de\/#breadcrumb\",\"itemListElement\":[{\"@type\":\"ListItem\",\"position\":1,\"name\":\"Accueil\",\"item\":\"https:\/\/nexelec.eu\/de\/\"},{\"@type\":\"ListItem\",\"position\":2,\"name\":\"Intelligente Sensoren f\u00fcr Geb\u00e4ude und St\u00e4dte\"}]},{\"@type\":\"WebSite\",\"@id\":\"https:\/\/nexelec.eu\/de\/#website\",\"url\":\"https:\/\/nexelec.eu\/de\/\",\"name\":\"Nexelec\",\"description\":\"Capteurs  intelligents pour les b\u00e2timents et les villes\",\"publisher\":{\"@id\":\"https:\/\/nexelec.eu\/de\/#organization\"},\"potentialAction\":[{\"@type\":\"SearchAction\",\"target\":{\"@type\":\"EntryPoint\",\"urlTemplate\":\"https:\/\/nexelec.eu\/de\/?s={search_term_string}\"},\"query-input\":{\"@type\":\"PropertyValueSpecification\",\"valueRequired\":true,\"valueName\":\"search_term_string\"}}],\"inLanguage\":\"de\"},{\"@type\":\"Organization\",\"@id\":\"https:\/\/nexelec.eu\/de\/#organization\",\"name\":\"Nexelec\",\"url\":\"https:\/\/nexelec.eu\/de\/\",\"logo\":{\"@type\":\"ImageObject\",\"inLanguage\":\"de\",\"@id\":\"https:\/\/nexelec.eu\/de\/#\/schema\/logo\/image\/\",\"url\":\"https:\/\/nexelec.eu\/wp-content\/uploads\/2023\/08\/BD_RVB_LOGO_PRINCIPAL_SANS-BASELINE_NEXELEC_NOIR.png\",\"contentUrl\":\"https:\/\/nexelec.eu\/wp-content\/uploads\/2023\/08\/BD_RVB_LOGO_PRINCIPAL_SANS-BASELINE_NEXELEC_NOIR.png\",\"width\":742,\"height\":217,\"caption\":\"Nexelec\"},\"image\":{\"@id\":\"https:\/\/nexelec.eu\/de\/#\/schema\/logo\/image\/\"},\"sameAs\":[\"https:\/\/www.linkedin.com\/company\/18347281\/\"]}]}<\/script>\n<!-- \/ Yoast SEO plugin. -->","yoast_head_json":{"title":"Nexelec I IoT-L\u00f6sungen f\u00fcr die Geb\u00e4udeleittechnik","description":"Nexelec entwickelt Sensoren f\u00fcr die Sicherheit, die Qualit\u00e4t der Innen- und Au\u00dfenluft und die Energieeffizienz.","robots":{"index":"index","follow":"follow","max-snippet":"max-snippet:-1","max-image-preview":"max-image-preview:large","max-video-preview":"max-video-preview:-1"},"canonical":"https:\/\/nexelec.eu\/de\/","og_locale":"de_DE","og_type":"article","og_title":"Nexelec I IoT-L\u00f6sungen f\u00fcr die Geb\u00e4udeleittechnik","og_description":"Nexelec entwickelt Sensoren f\u00fcr die Sicherheit, die Qualit\u00e4t der Innen- und Au\u00dfenluft und die Energieeffizienz.","og_url":"https:\/\/nexelec.eu\/de\/","og_site_name":"Nexelec","article_modified_time":"2025-10-06T08:28:32+00:00","twitter_card":"summary_large_image","twitter_misc":{"Gesch\u00e4tzte Lesezeit":"1\u00a0Minute"},"schema":{"@context":"https:\/\/schema.org","@graph":[{"@type":"WebPage","@id":"https:\/\/nexelec.eu\/de\/","url":"https:\/\/nexelec.eu\/de\/","name":"Nexelec I IoT-L\u00f6sungen f\u00fcr die Geb\u00e4udeleittechnik","isPartOf":{"@id":"https:\/\/nexelec.eu\/de\/#website"},"datePublished":"2023-03-12T21:46:00+00:00","dateModified":"2025-10-06T08:28:32+00:00","description":"Nexelec entwickelt Sensoren f\u00fcr die Sicherheit, die Qualit\u00e4t der Innen- und Au\u00dfenluft und die Energieeffizienz.","breadcrumb":{"@id":"https:\/\/nexelec.eu\/de\/#breadcrumb"},"inLanguage":"de","potentialAction":[{"@type":"ReadAction","target":["https:\/\/nexelec.eu\/de\/"]}]},{"@type":"BreadcrumbList","@id":"https:\/\/nexelec.eu\/de\/#breadcrumb","itemListElement":[{"@type":"ListItem","position":1,"name":"Accueil","item":"https:\/\/nexelec.eu\/de\/"},{"@type":"ListItem","position":2,"name":"Intelligente Sensoren f\u00fcr Geb\u00e4ude und St\u00e4dte"}]},{"@type":"WebSite","@id":"https:\/\/nexelec.eu\/de\/#website","url":"https:\/\/nexelec.eu\/de\/","name":"Nexelec","description":"Capteurs  intelligents pour les b\u00e2timents et les villes","publisher":{"@id":"https:\/\/nexelec.eu\/de\/#organization"},"potentialAction":[{"@type":"SearchAction","target":{"@type":"EntryPoint","urlTemplate":"https:\/\/nexelec.eu\/de\/?s={search_term_string}"},"query-input":{"@type":"PropertyValueSpecification","valueRequired":true,"valueName":"search_term_string"}}],"inLanguage":"de"},{"@type":"Organization","@id":"https:\/\/nexelec.eu\/de\/#organization","name":"Nexelec","url":"https:\/\/nexelec.eu\/de\/","logo":{"@type":"ImageObject","inLanguage":"de","@id":"https:\/\/nexelec.eu\/de\/#\/schema\/logo\/image\/","url":"https:\/\/nexelec.eu\/wp-content\/uploads\/2023\/08\/BD_RVB_LOGO_PRINCIPAL_SANS-BASELINE_NEXELEC_NOIR.png","contentUrl":"https:\/\/nexelec.eu\/wp-content\/uploads\/2023\/08\/BD_RVB_LOGO_PRINCIPAL_SANS-BASELINE_NEXELEC_NOIR.png","width":742,"height":217,"caption":"Nexelec"},"image":{"@id":"https:\/\/nexelec.eu\/de\/#\/schema\/logo\/image\/"},"sameAs":["https:\/\/www.linkedin.com\/company\/18347281\/"]}]}},"_links":{"self":[{"href":"https:\/\/nexelec.eu\/de\/wp-json\/wp\/v2\/pages\/9668","targetHints":{"allow":["GET"]}}],"collection":[{"href":"https:\/\/nexelec.eu\/de\/wp-json\/wp\/v2\/pages"}],"about":[{"href":"https:\/\/nexelec.eu\/de\/wp-json\/wp\/v2\/types\/page"}],"author":[{"embeddable":true,"href":"https:\/\/nexelec.eu\/de\/wp-json\/wp\/v2\/users\/1"}],"replies":[{"embeddable":true,"href":"https:\/\/nexelec.eu\/de\/wp-json\/wp\/v2\/comments?post=9668"}],"version-history":[{"count":0,"href":"https:\/\/nexelec.eu\/de\/wp-json\/wp\/v2\/pages\/9668\/revisions"}],"wp:attachment":[{"href":"https:\/\/nexelec.eu\/de\/wp-json\/wp\/v2\/media?parent=9668"}],"curies":[{"name":"wp","href":"https:\/\/api.w.org\/{rel}","templated":true}]}}