{"id":4417,"date":"2023-10-13T14:30:50","date_gmt":"2023-10-13T12:30:50","guid":{"rendered":"https:\/\/nexelec.eu\/?post_type=product&#038;p=4417"},"modified":"2026-02-01T11:32:46","modified_gmt":"2026-02-01T10:32:46","slug":"guard-2","status":"publish","type":"product","link":"https:\/\/nexelec.eu\/en\/store\/guard-2\/","title":{"rendered":"GUARD+"},"content":{"rendered":"","protected":false},"excerpt":{"rendered":"<p><strong>Smoke detector<\/strong><br \/>\nTemperature, Humidity<\/p>\n","protected":false},"featured_media":3672,"template":"","meta":{"_acf_changed":false},"product_cat":[73],"product_tag":[],"class_list":{"0":"post-4417","1":"product","2":"type-product","3":"status-publish","4":"has-post-thumbnail","6":"product_cat-security-alarm","8":"first","9":"instock","10":"taxable","11":"shipping-taxable","12":"purchasable","13":"product-type-simple"},"acf":[],"yoast_head":"<!-- This site is optimized with the Yoast SEO plugin v23.5 - https:\/\/yoast.com\/wordpress\/plugins\/seo\/ -->\n<title>GUARD+ - Nexelec<\/title>\n<meta name=\"robots\" content=\"index, follow, max-snippet:-1, max-image-preview:large, max-video-preview:-1\" \/>\n<link rel=\"canonical\" href=\"https:\/\/nexelec.eu\/en\/store\/guard-2\/\" \/>\n<meta property=\"og:locale\" content=\"en_US\" \/>\n<meta property=\"og:type\" content=\"article\" \/>\n<meta property=\"og:title\" content=\"GUARD+ - Nexelec\" \/>\n<meta property=\"og:description\" content=\"Smoke detector Temperature, Humidity\" \/>\n<meta property=\"og:url\" content=\"https:\/\/nexelec.eu\/en\/store\/guard-2\/\" \/>\n<meta property=\"og:site_name\" content=\"Nexelec\" \/>\n<meta property=\"article:modified_time\" content=\"2026-02-01T10:32:46+00:00\" \/>\n<meta property=\"og:image\" content=\"https:\/\/nexelec.eu\/wp-content\/uploads\/2023\/05\/ORIGIN-GUARD-7.png\" \/>\n\t<meta property=\"og:image:width\" content=\"1500\" \/>\n\t<meta property=\"og:image:height\" content=\"1502\" \/>\n\t<meta property=\"og:image:type\" content=\"image\/png\" \/>\n<meta name=\"twitter:card\" content=\"summary_large_image\" \/>\n<script type=\"application\/ld+json\" class=\"yoast-schema-graph\">{\"@context\":\"https:\/\/schema.org\",\"@graph\":[{\"@type\":\"WebPage\",\"@id\":\"https:\/\/nexelec.eu\/en\/store\/guard-2\/\",\"url\":\"https:\/\/nexelec.eu\/en\/store\/guard-2\/\",\"name\":\"GUARD+ - Nexelec\",\"isPartOf\":{\"@id\":\"https:\/\/nexelec.eu\/en\/#website\"},\"primaryImageOfPage\":{\"@id\":\"https:\/\/nexelec.eu\/en\/store\/guard-2\/#primaryimage\"},\"image\":{\"@id\":\"https:\/\/nexelec.eu\/en\/store\/guard-2\/#primaryimage\"},\"thumbnailUrl\":\"https:\/\/nexelec.eu\/wp-content\/uploads\/2023\/05\/ORIGIN-GUARD-7.png\",\"datePublished\":\"2023-10-13T12:30:50+00:00\",\"dateModified\":\"2026-02-01T10:32:46+00:00\",\"breadcrumb\":{\"@id\":\"https:\/\/nexelec.eu\/en\/store\/guard-2\/#breadcrumb\"},\"inLanguage\":\"en-US\",\"potentialAction\":[{\"@type\":\"ReadAction\",\"target\":[\"https:\/\/nexelec.eu\/en\/store\/guard-2\/\"]}]},{\"@type\":\"ImageObject\",\"inLanguage\":\"en-US\",\"@id\":\"https:\/\/nexelec.eu\/en\/store\/guard-2\/#primaryimage\",\"url\":\"https:\/\/nexelec.eu\/wp-content\/uploads\/2023\/05\/ORIGIN-GUARD-7.png\",\"contentUrl\":\"https:\/\/nexelec.eu\/wp-content\/uploads\/2023\/05\/ORIGIN-GUARD-7.png\",\"width\":1500,\"height\":1502,\"caption\":\"Connected smoke detector \/ d\u00e9tecteur fum\u00e9e connect\u00e9\"},{\"@type\":\"BreadcrumbList\",\"@id\":\"https:\/\/nexelec.eu\/en\/store\/guard-2\/#breadcrumb\",\"itemListElement\":[{\"@type\":\"ListItem\",\"position\":1,\"name\":\"Accueil\",\"item\":\"https:\/\/nexelec.eu\/en\/\"},{\"@type\":\"ListItem\",\"position\":2,\"name\":\"GUARD+\"}]},{\"@type\":\"WebSite\",\"@id\":\"https:\/\/nexelec.eu\/en\/#website\",\"url\":\"https:\/\/nexelec.eu\/en\/\",\"name\":\"Nexelec\",\"description\":\"Capteurs  intelligents pour les b\u00e2timents et les villes\",\"publisher\":{\"@id\":\"https:\/\/nexelec.eu\/en\/#organization\"},\"potentialAction\":[{\"@type\":\"SearchAction\",\"target\":{\"@type\":\"EntryPoint\",\"urlTemplate\":\"https:\/\/nexelec.eu\/en\/?s={search_term_string}\"},\"query-input\":{\"@type\":\"PropertyValueSpecification\",\"valueRequired\":true,\"valueName\":\"search_term_string\"}}],\"inLanguage\":\"en-US\"},{\"@type\":\"Organization\",\"@id\":\"https:\/\/nexelec.eu\/en\/#organization\",\"name\":\"Nexelec\",\"url\":\"https:\/\/nexelec.eu\/en\/\",\"logo\":{\"@type\":\"ImageObject\",\"inLanguage\":\"en-US\",\"@id\":\"https:\/\/nexelec.eu\/en\/#\/schema\/logo\/image\/\",\"url\":\"https:\/\/nexelec.eu\/wp-content\/uploads\/2023\/08\/BD_RVB_LOGO_PRINCIPAL_SANS-BASELINE_NEXELEC_NOIR.png\",\"contentUrl\":\"https:\/\/nexelec.eu\/wp-content\/uploads\/2023\/08\/BD_RVB_LOGO_PRINCIPAL_SANS-BASELINE_NEXELEC_NOIR.png\",\"width\":742,\"height\":217,\"caption\":\"Nexelec\"},\"image\":{\"@id\":\"https:\/\/nexelec.eu\/en\/#\/schema\/logo\/image\/\"},\"sameAs\":[\"https:\/\/www.linkedin.com\/company\/18347281\/\"]}]}<\/script>\n<!-- \/ Yoast SEO plugin. -->","yoast_head_json":{"title":"GUARD+ - Nexelec","robots":{"index":"index","follow":"follow","max-snippet":"max-snippet:-1","max-image-preview":"max-image-preview:large","max-video-preview":"max-video-preview:-1"},"canonical":"https:\/\/nexelec.eu\/en\/store\/guard-2\/","og_locale":"en_US","og_type":"article","og_title":"GUARD+ - Nexelec","og_description":"Smoke detector Temperature, Humidity","og_url":"https:\/\/nexelec.eu\/en\/store\/guard-2\/","og_site_name":"Nexelec","article_modified_time":"2026-02-01T10:32:46+00:00","og_image":[{"width":1500,"height":1502,"url":"https:\/\/nexelec.eu\/wp-content\/uploads\/2023\/05\/ORIGIN-GUARD-7.png","type":"image\/png"}],"twitter_card":"summary_large_image","schema":{"@context":"https:\/\/schema.org","@graph":[{"@type":"WebPage","@id":"https:\/\/nexelec.eu\/en\/store\/guard-2\/","url":"https:\/\/nexelec.eu\/en\/store\/guard-2\/","name":"GUARD+ - Nexelec","isPartOf":{"@id":"https:\/\/nexelec.eu\/en\/#website"},"primaryImageOfPage":{"@id":"https:\/\/nexelec.eu\/en\/store\/guard-2\/#primaryimage"},"image":{"@id":"https:\/\/nexelec.eu\/en\/store\/guard-2\/#primaryimage"},"thumbnailUrl":"https:\/\/nexelec.eu\/wp-content\/uploads\/2023\/05\/ORIGIN-GUARD-7.png","datePublished":"2023-10-13T12:30:50+00:00","dateModified":"2026-02-01T10:32:46+00:00","breadcrumb":{"@id":"https:\/\/nexelec.eu\/en\/store\/guard-2\/#breadcrumb"},"inLanguage":"en-US","potentialAction":[{"@type":"ReadAction","target":["https:\/\/nexelec.eu\/en\/store\/guard-2\/"]}]},{"@type":"ImageObject","inLanguage":"en-US","@id":"https:\/\/nexelec.eu\/en\/store\/guard-2\/#primaryimage","url":"https:\/\/nexelec.eu\/wp-content\/uploads\/2023\/05\/ORIGIN-GUARD-7.png","contentUrl":"https:\/\/nexelec.eu\/wp-content\/uploads\/2023\/05\/ORIGIN-GUARD-7.png","width":1500,"height":1502,"caption":"Connected smoke detector \/ d\u00e9tecteur fum\u00e9e connect\u00e9"},{"@type":"BreadcrumbList","@id":"https:\/\/nexelec.eu\/en\/store\/guard-2\/#breadcrumb","itemListElement":[{"@type":"ListItem","position":1,"name":"Accueil","item":"https:\/\/nexelec.eu\/en\/"},{"@type":"ListItem","position":2,"name":"GUARD+"}]},{"@type":"WebSite","@id":"https:\/\/nexelec.eu\/en\/#website","url":"https:\/\/nexelec.eu\/en\/","name":"Nexelec","description":"Capteurs  intelligents pour les b\u00e2timents et les villes","publisher":{"@id":"https:\/\/nexelec.eu\/en\/#organization"},"potentialAction":[{"@type":"SearchAction","target":{"@type":"EntryPoint","urlTemplate":"https:\/\/nexelec.eu\/en\/?s={search_term_string}"},"query-input":{"@type":"PropertyValueSpecification","valueRequired":true,"valueName":"search_term_string"}}],"inLanguage":"en-US"},{"@type":"Organization","@id":"https:\/\/nexelec.eu\/en\/#organization","name":"Nexelec","url":"https:\/\/nexelec.eu\/en\/","logo":{"@type":"ImageObject","inLanguage":"en-US","@id":"https:\/\/nexelec.eu\/en\/#\/schema\/logo\/image\/","url":"https:\/\/nexelec.eu\/wp-content\/uploads\/2023\/08\/BD_RVB_LOGO_PRINCIPAL_SANS-BASELINE_NEXELEC_NOIR.png","contentUrl":"https:\/\/nexelec.eu\/wp-content\/uploads\/2023\/08\/BD_RVB_LOGO_PRINCIPAL_SANS-BASELINE_NEXELEC_NOIR.png","width":742,"height":217,"caption":"Nexelec"},"image":{"@id":"https:\/\/nexelec.eu\/en\/#\/schema\/logo\/image\/"},"sameAs":["https:\/\/www.linkedin.com\/company\/18347281\/"]}]}},"_links":{"self":[{"href":"https:\/\/nexelec.eu\/en\/wp-json\/wp\/v2\/product\/4417","targetHints":{"allow":["GET"]}}],"collection":[{"href":"https:\/\/nexelec.eu\/en\/wp-json\/wp\/v2\/product"}],"about":[{"href":"https:\/\/nexelec.eu\/en\/wp-json\/wp\/v2\/types\/product"}],"wp:featuredmedia":[{"embeddable":true,"href":"https:\/\/nexelec.eu\/en\/wp-json\/wp\/v2\/media\/3672"}],"wp:attachment":[{"href":"https:\/\/nexelec.eu\/en\/wp-json\/wp\/v2\/media?parent=4417"}],"wp:term":[{"taxonomy":"product_cat","embeddable":true,"href":"https:\/\/nexelec.eu\/en\/wp-json\/wp\/v2\/product_cat?post=4417"},{"taxonomy":"product_tag","embeddable":true,"href":"https:\/\/nexelec.eu\/en\/wp-json\/wp\/v2\/product_tag?post=4417"}],"curies":[{"name":"wp","href":"https:\/\/api.w.org\/{rel}","templated":true}]}}