{"id":9101,"date":"2023-10-10T12:45:25","date_gmt":"2023-10-10T10:45:25","guid":{"rendered":"https:\/\/nexelec.eu\/mantengamonos-en-contacto\/"},"modified":"2023-10-10T12:45:25","modified_gmt":"2023-10-10T10:45:25","slug":"mantengamonos-en-contacto","status":"publish","type":"page","link":"https:\/\/nexelec.eu\/es\/mantengamonos-en-contacto\/","title":{"rendered":"Manteng\u00e1monos en contacto"},"content":{"rendered":"<p>Hola  [wfan_contact_name] <\/p>\n<p>Ay\u00fadanos a mejorar tu experiencia con nosotros mediante una mejor comunicaci\u00f3n. [wfan_contact_email]Ajusta tus preferencias para el correo electr\u00f3nico . <\/p>\n<p>[wfan_unsubscribe_button label=&#8221;Actualizar mis preferencias&#8221;].<\/p>\n","protected":false},"excerpt":{"rendered":"<p>Hola [wfan_contact_name] Ay\u00fadanos a mejorar tu experiencia con nosotros mediante una mejor comunicaci\u00f3n. [wfan_contact_email]Ajusta tus preferencias para el correo electr\u00f3nico . [wfan_unsubscribe_button label=&#8221;Actualizar mis preferencias&#8221;].<\/p>\n","protected":false},"author":2,"featured_media":0,"parent":0,"menu_order":0,"comment_status":"closed","ping_status":"closed","template":"","meta":{"_acf_changed":false,"footnotes":""},"class_list":["post-9101","page","type-page","status-publish","hentry"],"acf":[],"yoast_head":"<!-- This site is optimized with the Yoast SEO plugin v23.5 - https:\/\/yoast.com\/wordpress\/plugins\/seo\/ -->\n<title>Manteng\u00e1monos en contacto - Nexelec<\/title>\n<meta name=\"robots\" content=\"index, follow, max-snippet:-1, max-image-preview:large, max-video-preview:-1\" \/>\n<link rel=\"canonical\" href=\"https:\/\/nexelec.eu\/es\/mantengamonos-en-contacto\/\" \/>\n<meta property=\"og:locale\" content=\"es_ES\" \/>\n<meta property=\"og:type\" content=\"article\" \/>\n<meta property=\"og:title\" content=\"Manteng\u00e1monos en contacto - Nexelec\" \/>\n<meta property=\"og:description\" content=\"Hola [wfan_contact_name] Ay\u00fadanos a mejorar tu experiencia con nosotros mediante una mejor comunicaci\u00f3n. [wfan_contact_email]Ajusta tus preferencias para el correo electr\u00f3nico . [wfan_unsubscribe_button label=&#8221;Actualizar mis preferencias&#8221;].\" \/>\n<meta property=\"og:url\" content=\"https:\/\/nexelec.eu\/es\/mantengamonos-en-contacto\/\" \/>\n<meta property=\"og:site_name\" content=\"Nexelec\" \/>\n<meta name=\"twitter:card\" content=\"summary_large_image\" \/>\n<script type=\"application\/ld+json\" class=\"yoast-schema-graph\">{\"@context\":\"https:\/\/schema.org\",\"@graph\":[{\"@type\":\"WebPage\",\"@id\":\"https:\/\/nexelec.eu\/es\/mantengamonos-en-contacto\/\",\"url\":\"https:\/\/nexelec.eu\/es\/mantengamonos-en-contacto\/\",\"name\":\"Manteng\u00e1monos en contacto - Nexelec\",\"isPartOf\":{\"@id\":\"https:\/\/nexelec.eu\/es\/#website\"},\"datePublished\":\"2023-10-10T10:45:25+00:00\",\"dateModified\":\"2023-10-10T10:45:25+00:00\",\"breadcrumb\":{\"@id\":\"https:\/\/nexelec.eu\/es\/mantengamonos-en-contacto\/#breadcrumb\"},\"inLanguage\":\"es\",\"potentialAction\":[{\"@type\":\"ReadAction\",\"target\":[\"https:\/\/nexelec.eu\/es\/mantengamonos-en-contacto\/\"]}]},{\"@type\":\"BreadcrumbList\",\"@id\":\"https:\/\/nexelec.eu\/es\/mantengamonos-en-contacto\/#breadcrumb\",\"itemListElement\":[{\"@type\":\"ListItem\",\"position\":1,\"name\":\"Accueil\",\"item\":\"https:\/\/nexelec.eu\/es\/\"},{\"@type\":\"ListItem\",\"position\":2,\"name\":\"Manteng\u00e1monos en contacto\"}]},{\"@type\":\"WebSite\",\"@id\":\"https:\/\/nexelec.eu\/es\/#website\",\"url\":\"https:\/\/nexelec.eu\/es\/\",\"name\":\"Nexelec\",\"description\":\"Capteurs  intelligents pour les b\u00e2timents et les villes\",\"publisher\":{\"@id\":\"https:\/\/nexelec.eu\/es\/#organization\"},\"potentialAction\":[{\"@type\":\"SearchAction\",\"target\":{\"@type\":\"EntryPoint\",\"urlTemplate\":\"https:\/\/nexelec.eu\/es\/?s={search_term_string}\"},\"query-input\":{\"@type\":\"PropertyValueSpecification\",\"valueRequired\":true,\"valueName\":\"search_term_string\"}}],\"inLanguage\":\"es\"},{\"@type\":\"Organization\",\"@id\":\"https:\/\/nexelec.eu\/es\/#organization\",\"name\":\"Nexelec\",\"url\":\"https:\/\/nexelec.eu\/es\/\",\"logo\":{\"@type\":\"ImageObject\",\"inLanguage\":\"es\",\"@id\":\"https:\/\/nexelec.eu\/es\/#\/schema\/logo\/image\/\",\"url\":\"https:\/\/nexelec.eu\/wp-content\/uploads\/2023\/08\/BD_RVB_LOGO_PRINCIPAL_SANS-BASELINE_NEXELEC_NOIR.png\",\"contentUrl\":\"https:\/\/nexelec.eu\/wp-content\/uploads\/2023\/08\/BD_RVB_LOGO_PRINCIPAL_SANS-BASELINE_NEXELEC_NOIR.png\",\"width\":742,\"height\":217,\"caption\":\"Nexelec\"},\"image\":{\"@id\":\"https:\/\/nexelec.eu\/es\/#\/schema\/logo\/image\/\"},\"sameAs\":[\"https:\/\/www.linkedin.com\/company\/18347281\/\"]}]}<\/script>\n<!-- \/ Yoast SEO plugin. -->","yoast_head_json":{"title":"Manteng\u00e1monos en contacto - Nexelec","robots":{"index":"index","follow":"follow","max-snippet":"max-snippet:-1","max-image-preview":"max-image-preview:large","max-video-preview":"max-video-preview:-1"},"canonical":"https:\/\/nexelec.eu\/es\/mantengamonos-en-contacto\/","og_locale":"es_ES","og_type":"article","og_title":"Manteng\u00e1monos en contacto - Nexelec","og_description":"Hola [wfan_contact_name] Ay\u00fadanos a mejorar tu experiencia con nosotros mediante una mejor comunicaci\u00f3n. [wfan_contact_email]Ajusta tus preferencias para el correo electr\u00f3nico . [wfan_unsubscribe_button label=&#8221;Actualizar mis preferencias&#8221;].","og_url":"https:\/\/nexelec.eu\/es\/mantengamonos-en-contacto\/","og_site_name":"Nexelec","twitter_card":"summary_large_image","schema":{"@context":"https:\/\/schema.org","@graph":[{"@type":"WebPage","@id":"https:\/\/nexelec.eu\/es\/mantengamonos-en-contacto\/","url":"https:\/\/nexelec.eu\/es\/mantengamonos-en-contacto\/","name":"Manteng\u00e1monos en contacto - Nexelec","isPartOf":{"@id":"https:\/\/nexelec.eu\/es\/#website"},"datePublished":"2023-10-10T10:45:25+00:00","dateModified":"2023-10-10T10:45:25+00:00","breadcrumb":{"@id":"https:\/\/nexelec.eu\/es\/mantengamonos-en-contacto\/#breadcrumb"},"inLanguage":"es","potentialAction":[{"@type":"ReadAction","target":["https:\/\/nexelec.eu\/es\/mantengamonos-en-contacto\/"]}]},{"@type":"BreadcrumbList","@id":"https:\/\/nexelec.eu\/es\/mantengamonos-en-contacto\/#breadcrumb","itemListElement":[{"@type":"ListItem","position":1,"name":"Accueil","item":"https:\/\/nexelec.eu\/es\/"},{"@type":"ListItem","position":2,"name":"Manteng\u00e1monos en contacto"}]},{"@type":"WebSite","@id":"https:\/\/nexelec.eu\/es\/#website","url":"https:\/\/nexelec.eu\/es\/","name":"Nexelec","description":"Capteurs  intelligents pour les b\u00e2timents et les villes","publisher":{"@id":"https:\/\/nexelec.eu\/es\/#organization"},"potentialAction":[{"@type":"SearchAction","target":{"@type":"EntryPoint","urlTemplate":"https:\/\/nexelec.eu\/es\/?s={search_term_string}"},"query-input":{"@type":"PropertyValueSpecification","valueRequired":true,"valueName":"search_term_string"}}],"inLanguage":"es"},{"@type":"Organization","@id":"https:\/\/nexelec.eu\/es\/#organization","name":"Nexelec","url":"https:\/\/nexelec.eu\/es\/","logo":{"@type":"ImageObject","inLanguage":"es","@id":"https:\/\/nexelec.eu\/es\/#\/schema\/logo\/image\/","url":"https:\/\/nexelec.eu\/wp-content\/uploads\/2023\/08\/BD_RVB_LOGO_PRINCIPAL_SANS-BASELINE_NEXELEC_NOIR.png","contentUrl":"https:\/\/nexelec.eu\/wp-content\/uploads\/2023\/08\/BD_RVB_LOGO_PRINCIPAL_SANS-BASELINE_NEXELEC_NOIR.png","width":742,"height":217,"caption":"Nexelec"},"image":{"@id":"https:\/\/nexelec.eu\/es\/#\/schema\/logo\/image\/"},"sameAs":["https:\/\/www.linkedin.com\/company\/18347281\/"]}]}},"_links":{"self":[{"href":"https:\/\/nexelec.eu\/es\/wp-json\/wp\/v2\/pages\/9101","targetHints":{"allow":["GET"]}}],"collection":[{"href":"https:\/\/nexelec.eu\/es\/wp-json\/wp\/v2\/pages"}],"about":[{"href":"https:\/\/nexelec.eu\/es\/wp-json\/wp\/v2\/types\/page"}],"author":[{"embeddable":true,"href":"https:\/\/nexelec.eu\/es\/wp-json\/wp\/v2\/users\/2"}],"replies":[{"embeddable":true,"href":"https:\/\/nexelec.eu\/es\/wp-json\/wp\/v2\/comments?post=9101"}],"version-history":[{"count":0,"href":"https:\/\/nexelec.eu\/es\/wp-json\/wp\/v2\/pages\/9101\/revisions"}],"wp:attachment":[{"href":"https:\/\/nexelec.eu\/es\/wp-json\/wp\/v2\/media?parent=9101"}],"curies":[{"name":"wp","href":"https:\/\/api.w.org\/{rel}","templated":true}]}}