{"id":9129,"date":"2023-09-29T08:45:04","date_gmt":"2023-09-29T06:45:04","guid":{"rendered":"https:\/\/nexelec.eu\/conciencia-del-detector\/concienciacion-daaco\/"},"modified":"2024-06-20T14:16:31","modified_gmt":"2024-06-20T12:16:31","slug":"concienciacion-daaco","status":"publish","type":"page","link":"https:\/\/nexelec.eu\/es\/conciencia-del-detector\/concienciacion-daaco\/","title":{"rendered":"Concienciaci\u00f3n CO detector"},"content":{"rendered":"","protected":false},"excerpt":{"rendered":"","protected":false},"author":3,"featured_media":0,"parent":9103,"menu_order":0,"comment_status":"closed","ping_status":"closed","template":"page-faq-complete.php","meta":{"_acf_changed":false,"footnotes":""},"class_list":["post-9129","page","type-page","status-publish","hentry"],"acf":[],"yoast_head":"<!-- This site is optimized with the Yoast SEO plugin v23.5 - https:\/\/yoast.com\/wordpress\/plugins\/seo\/ -->\n<title>Sensibilizaci\u00f3n CO sensor I Nexelec<\/title>\n<meta name=\"description\" content=\"Sensibilizaci\u00f3n CO sensor. Tu detector de mon\u00f3xido de carbono (CO) puede salvarte la vida: con\u00f3celo mejor con nuestros consejos.\" \/>\n<meta name=\"robots\" content=\"index, follow, max-snippet:-1, max-image-preview:large, max-video-preview:-1\" \/>\n<link rel=\"canonical\" href=\"https:\/\/nexelec.eu\/es\/conciencia-del-detector\/concienciacion-daaco\/\" \/>\n<meta property=\"og:locale\" content=\"es_ES\" \/>\n<meta property=\"og:type\" content=\"article\" \/>\n<meta property=\"og:title\" content=\"Sensibilizaci\u00f3n CO sensor I Nexelec\" \/>\n<meta property=\"og:description\" content=\"Sensibilizaci\u00f3n CO sensor. Tu detector de mon\u00f3xido de carbono (CO) puede salvarte la vida: con\u00f3celo mejor con nuestros consejos.\" \/>\n<meta property=\"og:url\" content=\"https:\/\/nexelec.eu\/es\/conciencia-del-detector\/concienciacion-daaco\/\" \/>\n<meta property=\"og:site_name\" content=\"Nexelec\" \/>\n<meta property=\"article:modified_time\" content=\"2024-06-20T12:16:31+00:00\" \/>\n<meta name=\"twitter:card\" content=\"summary_large_image\" \/>\n<script type=\"application\/ld+json\" class=\"yoast-schema-graph\">{\"@context\":\"https:\/\/schema.org\",\"@graph\":[{\"@type\":\"WebPage\",\"@id\":\"https:\/\/nexelec.eu\/es\/conciencia-del-detector\/concienciacion-daaco\/\",\"url\":\"https:\/\/nexelec.eu\/es\/conciencia-del-detector\/concienciacion-daaco\/\",\"name\":\"Sensibilizaci\u00f3n CO sensor I Nexelec\",\"isPartOf\":{\"@id\":\"https:\/\/nexelec.eu\/es\/#website\"},\"datePublished\":\"2023-09-29T06:45:04+00:00\",\"dateModified\":\"2024-06-20T12:16:31+00:00\",\"description\":\"Sensibilizaci\u00f3n CO sensor. Tu detector de mon\u00f3xido de carbono (CO) puede salvarte la vida: con\u00f3celo mejor con nuestros consejos.\",\"breadcrumb\":{\"@id\":\"https:\/\/nexelec.eu\/es\/conciencia-del-detector\/concienciacion-daaco\/#breadcrumb\"},\"inLanguage\":\"es\",\"potentialAction\":[{\"@type\":\"ReadAction\",\"target\":[\"https:\/\/nexelec.eu\/es\/conciencia-del-detector\/concienciacion-daaco\/\"]}]},{\"@type\":\"BreadcrumbList\",\"@id\":\"https:\/\/nexelec.eu\/es\/conciencia-del-detector\/concienciacion-daaco\/#breadcrumb\",\"itemListElement\":[{\"@type\":\"ListItem\",\"position\":1,\"name\":\"Accueil\",\"item\":\"https:\/\/nexelec.eu\/es\/\"},{\"@type\":\"ListItem\",\"position\":2,\"name\":\"Conciencia del detector\",\"item\":\"https:\/\/nexelec.eu\/es\/conciencia-del-detector\/\"},{\"@type\":\"ListItem\",\"position\":3,\"name\":\"Concienciaci\u00f3n CO detector\"}]},{\"@type\":\"WebSite\",\"@id\":\"https:\/\/nexelec.eu\/es\/#website\",\"url\":\"https:\/\/nexelec.eu\/es\/\",\"name\":\"Nexelec\",\"description\":\"Capteurs  intelligents pour les b\u00e2timents et les villes\",\"publisher\":{\"@id\":\"https:\/\/nexelec.eu\/es\/#organization\"},\"potentialAction\":[{\"@type\":\"SearchAction\",\"target\":{\"@type\":\"EntryPoint\",\"urlTemplate\":\"https:\/\/nexelec.eu\/es\/?s={search_term_string}\"},\"query-input\":{\"@type\":\"PropertyValueSpecification\",\"valueRequired\":true,\"valueName\":\"search_term_string\"}}],\"inLanguage\":\"es\"},{\"@type\":\"Organization\",\"@id\":\"https:\/\/nexelec.eu\/es\/#organization\",\"name\":\"Nexelec\",\"url\":\"https:\/\/nexelec.eu\/es\/\",\"logo\":{\"@type\":\"ImageObject\",\"inLanguage\":\"es\",\"@id\":\"https:\/\/nexelec.eu\/es\/#\/schema\/logo\/image\/\",\"url\":\"https:\/\/nexelec.eu\/wp-content\/uploads\/2023\/08\/BD_RVB_LOGO_PRINCIPAL_SANS-BASELINE_NEXELEC_NOIR.png\",\"contentUrl\":\"https:\/\/nexelec.eu\/wp-content\/uploads\/2023\/08\/BD_RVB_LOGO_PRINCIPAL_SANS-BASELINE_NEXELEC_NOIR.png\",\"width\":742,\"height\":217,\"caption\":\"Nexelec\"},\"image\":{\"@id\":\"https:\/\/nexelec.eu\/es\/#\/schema\/logo\/image\/\"},\"sameAs\":[\"https:\/\/www.linkedin.com\/company\/18347281\/\"]}]}<\/script>\n<!-- \/ Yoast SEO plugin. -->","yoast_head_json":{"title":"Sensibilizaci\u00f3n CO sensor I Nexelec","description":"Sensibilizaci\u00f3n CO sensor. Tu detector de mon\u00f3xido de carbono (CO) puede salvarte la vida: con\u00f3celo mejor con nuestros consejos.","robots":{"index":"index","follow":"follow","max-snippet":"max-snippet:-1","max-image-preview":"max-image-preview:large","max-video-preview":"max-video-preview:-1"},"canonical":"https:\/\/nexelec.eu\/es\/conciencia-del-detector\/concienciacion-daaco\/","og_locale":"es_ES","og_type":"article","og_title":"Sensibilizaci\u00f3n CO sensor I Nexelec","og_description":"Sensibilizaci\u00f3n CO sensor. Tu detector de mon\u00f3xido de carbono (CO) puede salvarte la vida: con\u00f3celo mejor con nuestros consejos.","og_url":"https:\/\/nexelec.eu\/es\/conciencia-del-detector\/concienciacion-daaco\/","og_site_name":"Nexelec","article_modified_time":"2024-06-20T12:16:31+00:00","twitter_card":"summary_large_image","schema":{"@context":"https:\/\/schema.org","@graph":[{"@type":"WebPage","@id":"https:\/\/nexelec.eu\/es\/conciencia-del-detector\/concienciacion-daaco\/","url":"https:\/\/nexelec.eu\/es\/conciencia-del-detector\/concienciacion-daaco\/","name":"Sensibilizaci\u00f3n CO sensor I Nexelec","isPartOf":{"@id":"https:\/\/nexelec.eu\/es\/#website"},"datePublished":"2023-09-29T06:45:04+00:00","dateModified":"2024-06-20T12:16:31+00:00","description":"Sensibilizaci\u00f3n CO sensor. Tu detector de mon\u00f3xido de carbono (CO) puede salvarte la vida: con\u00f3celo mejor con nuestros consejos.","breadcrumb":{"@id":"https:\/\/nexelec.eu\/es\/conciencia-del-detector\/concienciacion-daaco\/#breadcrumb"},"inLanguage":"es","potentialAction":[{"@type":"ReadAction","target":["https:\/\/nexelec.eu\/es\/conciencia-del-detector\/concienciacion-daaco\/"]}]},{"@type":"BreadcrumbList","@id":"https:\/\/nexelec.eu\/es\/conciencia-del-detector\/concienciacion-daaco\/#breadcrumb","itemListElement":[{"@type":"ListItem","position":1,"name":"Accueil","item":"https:\/\/nexelec.eu\/es\/"},{"@type":"ListItem","position":2,"name":"Conciencia del detector","item":"https:\/\/nexelec.eu\/es\/conciencia-del-detector\/"},{"@type":"ListItem","position":3,"name":"Concienciaci\u00f3n CO detector"}]},{"@type":"WebSite","@id":"https:\/\/nexelec.eu\/es\/#website","url":"https:\/\/nexelec.eu\/es\/","name":"Nexelec","description":"Capteurs  intelligents pour les b\u00e2timents et les villes","publisher":{"@id":"https:\/\/nexelec.eu\/es\/#organization"},"potentialAction":[{"@type":"SearchAction","target":{"@type":"EntryPoint","urlTemplate":"https:\/\/nexelec.eu\/es\/?s={search_term_string}"},"query-input":{"@type":"PropertyValueSpecification","valueRequired":true,"valueName":"search_term_string"}}],"inLanguage":"es"},{"@type":"Organization","@id":"https:\/\/nexelec.eu\/es\/#organization","name":"Nexelec","url":"https:\/\/nexelec.eu\/es\/","logo":{"@type":"ImageObject","inLanguage":"es","@id":"https:\/\/nexelec.eu\/es\/#\/schema\/logo\/image\/","url":"https:\/\/nexelec.eu\/wp-content\/uploads\/2023\/08\/BD_RVB_LOGO_PRINCIPAL_SANS-BASELINE_NEXELEC_NOIR.png","contentUrl":"https:\/\/nexelec.eu\/wp-content\/uploads\/2023\/08\/BD_RVB_LOGO_PRINCIPAL_SANS-BASELINE_NEXELEC_NOIR.png","width":742,"height":217,"caption":"Nexelec"},"image":{"@id":"https:\/\/nexelec.eu\/es\/#\/schema\/logo\/image\/"},"sameAs":["https:\/\/www.linkedin.com\/company\/18347281\/"]}]}},"_links":{"self":[{"href":"https:\/\/nexelec.eu\/es\/wp-json\/wp\/v2\/pages\/9129","targetHints":{"allow":["GET"]}}],"collection":[{"href":"https:\/\/nexelec.eu\/es\/wp-json\/wp\/v2\/pages"}],"about":[{"href":"https:\/\/nexelec.eu\/es\/wp-json\/wp\/v2\/types\/page"}],"author":[{"embeddable":true,"href":"https:\/\/nexelec.eu\/es\/wp-json\/wp\/v2\/users\/3"}],"replies":[{"embeddable":true,"href":"https:\/\/nexelec.eu\/es\/wp-json\/wp\/v2\/comments?post=9129"}],"version-history":[{"count":0,"href":"https:\/\/nexelec.eu\/es\/wp-json\/wp\/v2\/pages\/9129\/revisions"}],"up":[{"embeddable":true,"href":"https:\/\/nexelec.eu\/es\/wp-json\/wp\/v2\/pages\/9103"}],"wp:attachment":[{"href":"https:\/\/nexelec.eu\/es\/wp-json\/wp\/v2\/media?parent=9129"}],"curies":[{"name":"wp","href":"https:\/\/api.w.org\/{rel}","templated":true}]}}