{"id":9157,"date":"2023-03-16T11:19:41","date_gmt":"2023-03-16T10:19:41","guid":{"rendered":"https:\/\/nexelec.eu\/sobre-nosotros\/"},"modified":"2025-09-01T11:04:29","modified_gmt":"2025-09-01T09:04:29","slug":"sobre-nosotros","status":"publish","type":"page","link":"https:\/\/nexelec.eu\/es\/sobre-nosotros\/","title":{"rendered":"Sobre nosotros"},"content":{"rendered":"","protected":false},"excerpt":{"rendered":"","protected":false},"author":2,"featured_media":0,"parent":0,"menu_order":0,"comment_status":"closed","ping_status":"closed","template":"page-about.php","meta":{"_acf_changed":false,"footnotes":""},"class_list":["post-9157","page","type-page","status-publish","hentry"],"acf":[],"yoast_head":"<!-- This site is optimized with the Yoast SEO plugin v23.5 - https:\/\/yoast.com\/wordpress\/plugins\/seo\/ -->\n<title>Seguridad y calidad del aire | Nexelec<\/title>\n<meta name=\"description\" content=\"Cada d\u00eda, Nexelec innova en la creaci\u00f3n de productos para la seguridad, la gesti\u00f3n y la eficiencia energ\u00e9tica de tus edificios.\" \/>\n<meta name=\"robots\" content=\"index, follow, max-snippet:-1, max-image-preview:large, max-video-preview:-1\" \/>\n<link rel=\"canonical\" href=\"https:\/\/nexelec.eu\/es\/sobre-nosotros\/\" \/>\n<meta property=\"og:locale\" content=\"es_ES\" \/>\n<meta property=\"og:type\" content=\"article\" \/>\n<meta property=\"og:title\" content=\"Seguridad y calidad del aire | Nexelec\" \/>\n<meta property=\"og:description\" content=\"Cada d\u00eda, Nexelec innova en la creaci\u00f3n de productos para la seguridad, la gesti\u00f3n y la eficiencia energ\u00e9tica de tus edificios.\" \/>\n<meta property=\"og:url\" content=\"https:\/\/nexelec.eu\/es\/sobre-nosotros\/\" \/>\n<meta property=\"og:site_name\" content=\"Nexelec\" \/>\n<meta property=\"article:modified_time\" content=\"2025-09-01T09:04:29+00:00\" \/>\n<meta name=\"twitter:card\" content=\"summary_large_image\" \/>\n<meta name=\"twitter:label1\" content=\"Tiempo de lectura\" \/>\n\t<meta name=\"twitter:data1\" content=\"3 minutos\" \/>\n<script type=\"application\/ld+json\" class=\"yoast-schema-graph\">{\"@context\":\"https:\/\/schema.org\",\"@graph\":[{\"@type\":\"WebPage\",\"@id\":\"https:\/\/nexelec.eu\/es\/sobre-nosotros\/\",\"url\":\"https:\/\/nexelec.eu\/es\/sobre-nosotros\/\",\"name\":\"Seguridad y calidad del aire | Nexelec\",\"isPartOf\":{\"@id\":\"https:\/\/nexelec.eu\/es\/#website\"},\"datePublished\":\"2023-03-16T10:19:41+00:00\",\"dateModified\":\"2025-09-01T09:04:29+00:00\",\"description\":\"Cada d\u00eda, Nexelec innova en la creaci\u00f3n de productos para la seguridad, la gesti\u00f3n y la eficiencia energ\u00e9tica de tus edificios.\",\"breadcrumb\":{\"@id\":\"https:\/\/nexelec.eu\/es\/sobre-nosotros\/#breadcrumb\"},\"inLanguage\":\"es\",\"potentialAction\":[{\"@type\":\"ReadAction\",\"target\":[\"https:\/\/nexelec.eu\/es\/sobre-nosotros\/\"]}]},{\"@type\":\"BreadcrumbList\",\"@id\":\"https:\/\/nexelec.eu\/es\/sobre-nosotros\/#breadcrumb\",\"itemListElement\":[{\"@type\":\"ListItem\",\"position\":1,\"name\":\"Accueil\",\"item\":\"https:\/\/nexelec.eu\/es\/\"},{\"@type\":\"ListItem\",\"position\":2,\"name\":\"Sobre nosotros\"}]},{\"@type\":\"WebSite\",\"@id\":\"https:\/\/nexelec.eu\/es\/#website\",\"url\":\"https:\/\/nexelec.eu\/es\/\",\"name\":\"Nexelec\",\"description\":\"Capteurs  intelligents pour les b\u00e2timents et les villes\",\"publisher\":{\"@id\":\"https:\/\/nexelec.eu\/es\/#organization\"},\"potentialAction\":[{\"@type\":\"SearchAction\",\"target\":{\"@type\":\"EntryPoint\",\"urlTemplate\":\"https:\/\/nexelec.eu\/es\/?s={search_term_string}\"},\"query-input\":{\"@type\":\"PropertyValueSpecification\",\"valueRequired\":true,\"valueName\":\"search_term_string\"}}],\"inLanguage\":\"es\"},{\"@type\":\"Organization\",\"@id\":\"https:\/\/nexelec.eu\/es\/#organization\",\"name\":\"Nexelec\",\"url\":\"https:\/\/nexelec.eu\/es\/\",\"logo\":{\"@type\":\"ImageObject\",\"inLanguage\":\"es\",\"@id\":\"https:\/\/nexelec.eu\/es\/#\/schema\/logo\/image\/\",\"url\":\"https:\/\/nexelec.eu\/wp-content\/uploads\/2023\/08\/BD_RVB_LOGO_PRINCIPAL_SANS-BASELINE_NEXELEC_NOIR.png\",\"contentUrl\":\"https:\/\/nexelec.eu\/wp-content\/uploads\/2023\/08\/BD_RVB_LOGO_PRINCIPAL_SANS-BASELINE_NEXELEC_NOIR.png\",\"width\":742,\"height\":217,\"caption\":\"Nexelec\"},\"image\":{\"@id\":\"https:\/\/nexelec.eu\/es\/#\/schema\/logo\/image\/\"},\"sameAs\":[\"https:\/\/www.linkedin.com\/company\/18347281\/\"]}]}<\/script>\n<!-- \/ Yoast SEO plugin. -->","yoast_head_json":{"title":"Seguridad y calidad del aire | Nexelec","description":"Cada d\u00eda, Nexelec innova en la creaci\u00f3n de productos para la seguridad, la gesti\u00f3n y la eficiencia energ\u00e9tica de tus edificios.","robots":{"index":"index","follow":"follow","max-snippet":"max-snippet:-1","max-image-preview":"max-image-preview:large","max-video-preview":"max-video-preview:-1"},"canonical":"https:\/\/nexelec.eu\/es\/sobre-nosotros\/","og_locale":"es_ES","og_type":"article","og_title":"Seguridad y calidad del aire | Nexelec","og_description":"Cada d\u00eda, Nexelec innova en la creaci\u00f3n de productos para la seguridad, la gesti\u00f3n y la eficiencia energ\u00e9tica de tus edificios.","og_url":"https:\/\/nexelec.eu\/es\/sobre-nosotros\/","og_site_name":"Nexelec","article_modified_time":"2025-09-01T09:04:29+00:00","twitter_card":"summary_large_image","twitter_misc":{"Tiempo de lectura":"3 minutos"},"schema":{"@context":"https:\/\/schema.org","@graph":[{"@type":"WebPage","@id":"https:\/\/nexelec.eu\/es\/sobre-nosotros\/","url":"https:\/\/nexelec.eu\/es\/sobre-nosotros\/","name":"Seguridad y calidad del aire | Nexelec","isPartOf":{"@id":"https:\/\/nexelec.eu\/es\/#website"},"datePublished":"2023-03-16T10:19:41+00:00","dateModified":"2025-09-01T09:04:29+00:00","description":"Cada d\u00eda, Nexelec innova en la creaci\u00f3n de productos para la seguridad, la gesti\u00f3n y la eficiencia energ\u00e9tica de tus edificios.","breadcrumb":{"@id":"https:\/\/nexelec.eu\/es\/sobre-nosotros\/#breadcrumb"},"inLanguage":"es","potentialAction":[{"@type":"ReadAction","target":["https:\/\/nexelec.eu\/es\/sobre-nosotros\/"]}]},{"@type":"BreadcrumbList","@id":"https:\/\/nexelec.eu\/es\/sobre-nosotros\/#breadcrumb","itemListElement":[{"@type":"ListItem","position":1,"name":"Accueil","item":"https:\/\/nexelec.eu\/es\/"},{"@type":"ListItem","position":2,"name":"Sobre nosotros"}]},{"@type":"WebSite","@id":"https:\/\/nexelec.eu\/es\/#website","url":"https:\/\/nexelec.eu\/es\/","name":"Nexelec","description":"Capteurs  intelligents pour les b\u00e2timents et les villes","publisher":{"@id":"https:\/\/nexelec.eu\/es\/#organization"},"potentialAction":[{"@type":"SearchAction","target":{"@type":"EntryPoint","urlTemplate":"https:\/\/nexelec.eu\/es\/?s={search_term_string}"},"query-input":{"@type":"PropertyValueSpecification","valueRequired":true,"valueName":"search_term_string"}}],"inLanguage":"es"},{"@type":"Organization","@id":"https:\/\/nexelec.eu\/es\/#organization","name":"Nexelec","url":"https:\/\/nexelec.eu\/es\/","logo":{"@type":"ImageObject","inLanguage":"es","@id":"https:\/\/nexelec.eu\/es\/#\/schema\/logo\/image\/","url":"https:\/\/nexelec.eu\/wp-content\/uploads\/2023\/08\/BD_RVB_LOGO_PRINCIPAL_SANS-BASELINE_NEXELEC_NOIR.png","contentUrl":"https:\/\/nexelec.eu\/wp-content\/uploads\/2023\/08\/BD_RVB_LOGO_PRINCIPAL_SANS-BASELINE_NEXELEC_NOIR.png","width":742,"height":217,"caption":"Nexelec"},"image":{"@id":"https:\/\/nexelec.eu\/es\/#\/schema\/logo\/image\/"},"sameAs":["https:\/\/www.linkedin.com\/company\/18347281\/"]}]}},"_links":{"self":[{"href":"https:\/\/nexelec.eu\/es\/wp-json\/wp\/v2\/pages\/9157","targetHints":{"allow":["GET"]}}],"collection":[{"href":"https:\/\/nexelec.eu\/es\/wp-json\/wp\/v2\/pages"}],"about":[{"href":"https:\/\/nexelec.eu\/es\/wp-json\/wp\/v2\/types\/page"}],"author":[{"embeddable":true,"href":"https:\/\/nexelec.eu\/es\/wp-json\/wp\/v2\/users\/2"}],"replies":[{"embeddable":true,"href":"https:\/\/nexelec.eu\/es\/wp-json\/wp\/v2\/comments?post=9157"}],"version-history":[{"count":0,"href":"https:\/\/nexelec.eu\/es\/wp-json\/wp\/v2\/pages\/9157\/revisions"}],"wp:attachment":[{"href":"https:\/\/nexelec.eu\/es\/wp-json\/wp\/v2\/media?parent=9157"}],"curies":[{"name":"wp","href":"https:\/\/api.w.org\/{rel}","templated":true}]}}