{"id":13642,"date":"2023-05-22T13:00:54","date_gmt":"2023-05-22T11:00:54","guid":{"rendered":"https:\/\/nexelec.eu\/monitoraggio-e-misurazione\/qualita-dellaria-esterna\/"},"modified":"2025-10-08T09:56:23","modified_gmt":"2025-10-08T07:56:23","slug":"qualita-dellaria-esterna","status":"publish","type":"page","link":"https:\/\/nexelec.eu\/it\/monitoraggio-e-misurazione\/qualita-dellaria-esterna\/","title":{"rendered":"Qualit\u00e0 dell&#8217;aria esterna"},"content":{"rendered":"","protected":false},"excerpt":{"rendered":"","protected":false},"author":2,"featured_media":0,"parent":13616,"menu_order":0,"comment_status":"closed","ping_status":"closed","template":"page-produit-category-niv2.php","meta":{"_acf_changed":false,"footnotes":""},"class_list":["post-13642","page","type-page","status-publish","hentry"],"acf":[],"yoast_head":"<!-- This site is optimized with the Yoast SEO plugin v23.5 - https:\/\/yoast.com\/wordpress\/plugins\/seo\/ -->\n<title>Qualit\u00e0 dell&#039;aria esterna I Nexelec<\/title>\n<meta name=\"description\" content=\"L&#039;inquinamento dell&#039;aria esterna \u00e8 causato da molte fonti. Analizzando la qualit\u00e0 dell&#039;aria esterna, possiamo intervenire il prima possibile.\" \/>\n<meta name=\"robots\" content=\"index, follow, max-snippet:-1, max-image-preview:large, max-video-preview:-1\" \/>\n<link rel=\"canonical\" href=\"https:\/\/nexelec.eu\/it\/monitoraggio-e-misurazione\/qualita-dellaria-esterna\/\" \/>\n<meta property=\"og:locale\" content=\"it_IT\" \/>\n<meta property=\"og:type\" content=\"article\" \/>\n<meta property=\"og:title\" content=\"Qualit\u00e0 dell&#039;aria esterna I Nexelec\" \/>\n<meta property=\"og:description\" content=\"L&#039;inquinamento dell&#039;aria esterna \u00e8 causato da molte fonti. Analizzando la qualit\u00e0 dell&#039;aria esterna, possiamo intervenire il prima possibile.\" \/>\n<meta property=\"og:url\" content=\"https:\/\/nexelec.eu\/it\/monitoraggio-e-misurazione\/qualita-dellaria-esterna\/\" \/>\n<meta property=\"og:site_name\" content=\"Nexelec\" \/>\n<meta property=\"article:modified_time\" content=\"2025-10-08T07:56:23+00:00\" \/>\n<meta name=\"twitter:card\" content=\"summary_large_image\" \/>\n<meta name=\"twitter:label1\" content=\"Tempo di lettura stimato\" \/>\n\t<meta name=\"twitter:data1\" content=\"1 minuto\" \/>\n<script type=\"application\/ld+json\" class=\"yoast-schema-graph\">{\"@context\":\"https:\/\/schema.org\",\"@graph\":[{\"@type\":\"WebPage\",\"@id\":\"https:\/\/nexelec.eu\/it\/monitoraggio-e-misurazione\/qualita-dellaria-esterna\/\",\"url\":\"https:\/\/nexelec.eu\/it\/monitoraggio-e-misurazione\/qualita-dellaria-esterna\/\",\"name\":\"Qualit\u00e0 dell'aria esterna I Nexelec\",\"isPartOf\":{\"@id\":\"https:\/\/nexelec.eu\/it\/#website\"},\"datePublished\":\"2023-05-22T11:00:54+00:00\",\"dateModified\":\"2025-10-08T07:56:23+00:00\",\"description\":\"L'inquinamento dell'aria esterna \u00e8 causato da molte fonti. Analizzando la qualit\u00e0 dell'aria esterna, possiamo intervenire il prima possibile.\",\"breadcrumb\":{\"@id\":\"https:\/\/nexelec.eu\/it\/monitoraggio-e-misurazione\/qualita-dellaria-esterna\/#breadcrumb\"},\"inLanguage\":\"it-IT\",\"potentialAction\":[{\"@type\":\"ReadAction\",\"target\":[\"https:\/\/nexelec.eu\/it\/monitoraggio-e-misurazione\/qualita-dellaria-esterna\/\"]}]},{\"@type\":\"BreadcrumbList\",\"@id\":\"https:\/\/nexelec.eu\/it\/monitoraggio-e-misurazione\/qualita-dellaria-esterna\/#breadcrumb\",\"itemListElement\":[{\"@type\":\"ListItem\",\"position\":1,\"name\":\"Accueil\",\"item\":\"https:\/\/nexelec.eu\/it\/\"},{\"@type\":\"ListItem\",\"position\":2,\"name\":\"Monitoraggio e misurazione\",\"item\":\"https:\/\/nexelec.eu\/it\/monitoraggio-e-misurazione\/\"},{\"@type\":\"ListItem\",\"position\":3,\"name\":\"Qualit\u00e0 dell&#8217;aria esterna\"}]},{\"@type\":\"WebSite\",\"@id\":\"https:\/\/nexelec.eu\/it\/#website\",\"url\":\"https:\/\/nexelec.eu\/it\/\",\"name\":\"Nexelec\",\"description\":\"Capteurs  intelligents pour les b\u00e2timents et les villes\",\"publisher\":{\"@id\":\"https:\/\/nexelec.eu\/it\/#organization\"},\"potentialAction\":[{\"@type\":\"SearchAction\",\"target\":{\"@type\":\"EntryPoint\",\"urlTemplate\":\"https:\/\/nexelec.eu\/it\/?s={search_term_string}\"},\"query-input\":{\"@type\":\"PropertyValueSpecification\",\"valueRequired\":true,\"valueName\":\"search_term_string\"}}],\"inLanguage\":\"it-IT\"},{\"@type\":\"Organization\",\"@id\":\"https:\/\/nexelec.eu\/it\/#organization\",\"name\":\"Nexelec\",\"url\":\"https:\/\/nexelec.eu\/it\/\",\"logo\":{\"@type\":\"ImageObject\",\"inLanguage\":\"it-IT\",\"@id\":\"https:\/\/nexelec.eu\/it\/#\/schema\/logo\/image\/\",\"url\":\"https:\/\/nexelec.eu\/wp-content\/uploads\/2023\/08\/BD_RVB_LOGO_PRINCIPAL_SANS-BASELINE_NEXELEC_NOIR.png\",\"contentUrl\":\"https:\/\/nexelec.eu\/wp-content\/uploads\/2023\/08\/BD_RVB_LOGO_PRINCIPAL_SANS-BASELINE_NEXELEC_NOIR.png\",\"width\":742,\"height\":217,\"caption\":\"Nexelec\"},\"image\":{\"@id\":\"https:\/\/nexelec.eu\/it\/#\/schema\/logo\/image\/\"},\"sameAs\":[\"https:\/\/www.linkedin.com\/company\/18347281\/\"]}]}<\/script>\n<!-- \/ Yoast SEO plugin. -->","yoast_head_json":{"title":"Qualit\u00e0 dell'aria esterna I Nexelec","description":"L'inquinamento dell'aria esterna \u00e8 causato da molte fonti. Analizzando la qualit\u00e0 dell'aria esterna, possiamo intervenire il prima possibile.","robots":{"index":"index","follow":"follow","max-snippet":"max-snippet:-1","max-image-preview":"max-image-preview:large","max-video-preview":"max-video-preview:-1"},"canonical":"https:\/\/nexelec.eu\/it\/monitoraggio-e-misurazione\/qualita-dellaria-esterna\/","og_locale":"it_IT","og_type":"article","og_title":"Qualit\u00e0 dell'aria esterna I Nexelec","og_description":"L'inquinamento dell'aria esterna \u00e8 causato da molte fonti. Analizzando la qualit\u00e0 dell'aria esterna, possiamo intervenire il prima possibile.","og_url":"https:\/\/nexelec.eu\/it\/monitoraggio-e-misurazione\/qualita-dellaria-esterna\/","og_site_name":"Nexelec","article_modified_time":"2025-10-08T07:56:23+00:00","twitter_card":"summary_large_image","twitter_misc":{"Tempo di lettura stimato":"1 minuto"},"schema":{"@context":"https:\/\/schema.org","@graph":[{"@type":"WebPage","@id":"https:\/\/nexelec.eu\/it\/monitoraggio-e-misurazione\/qualita-dellaria-esterna\/","url":"https:\/\/nexelec.eu\/it\/monitoraggio-e-misurazione\/qualita-dellaria-esterna\/","name":"Qualit\u00e0 dell'aria esterna I Nexelec","isPartOf":{"@id":"https:\/\/nexelec.eu\/it\/#website"},"datePublished":"2023-05-22T11:00:54+00:00","dateModified":"2025-10-08T07:56:23+00:00","description":"L'inquinamento dell'aria esterna \u00e8 causato da molte fonti. Analizzando la qualit\u00e0 dell'aria esterna, possiamo intervenire il prima possibile.","breadcrumb":{"@id":"https:\/\/nexelec.eu\/it\/monitoraggio-e-misurazione\/qualita-dellaria-esterna\/#breadcrumb"},"inLanguage":"it-IT","potentialAction":[{"@type":"ReadAction","target":["https:\/\/nexelec.eu\/it\/monitoraggio-e-misurazione\/qualita-dellaria-esterna\/"]}]},{"@type":"BreadcrumbList","@id":"https:\/\/nexelec.eu\/it\/monitoraggio-e-misurazione\/qualita-dellaria-esterna\/#breadcrumb","itemListElement":[{"@type":"ListItem","position":1,"name":"Accueil","item":"https:\/\/nexelec.eu\/it\/"},{"@type":"ListItem","position":2,"name":"Monitoraggio e misurazione","item":"https:\/\/nexelec.eu\/it\/monitoraggio-e-misurazione\/"},{"@type":"ListItem","position":3,"name":"Qualit\u00e0 dell&#8217;aria esterna"}]},{"@type":"WebSite","@id":"https:\/\/nexelec.eu\/it\/#website","url":"https:\/\/nexelec.eu\/it\/","name":"Nexelec","description":"Capteurs  intelligents pour les b\u00e2timents et les villes","publisher":{"@id":"https:\/\/nexelec.eu\/it\/#organization"},"potentialAction":[{"@type":"SearchAction","target":{"@type":"EntryPoint","urlTemplate":"https:\/\/nexelec.eu\/it\/?s={search_term_string}"},"query-input":{"@type":"PropertyValueSpecification","valueRequired":true,"valueName":"search_term_string"}}],"inLanguage":"it-IT"},{"@type":"Organization","@id":"https:\/\/nexelec.eu\/it\/#organization","name":"Nexelec","url":"https:\/\/nexelec.eu\/it\/","logo":{"@type":"ImageObject","inLanguage":"it-IT","@id":"https:\/\/nexelec.eu\/it\/#\/schema\/logo\/image\/","url":"https:\/\/nexelec.eu\/wp-content\/uploads\/2023\/08\/BD_RVB_LOGO_PRINCIPAL_SANS-BASELINE_NEXELEC_NOIR.png","contentUrl":"https:\/\/nexelec.eu\/wp-content\/uploads\/2023\/08\/BD_RVB_LOGO_PRINCIPAL_SANS-BASELINE_NEXELEC_NOIR.png","width":742,"height":217,"caption":"Nexelec"},"image":{"@id":"https:\/\/nexelec.eu\/it\/#\/schema\/logo\/image\/"},"sameAs":["https:\/\/www.linkedin.com\/company\/18347281\/"]}]}},"_links":{"self":[{"href":"https:\/\/nexelec.eu\/it\/wp-json\/wp\/v2\/pages\/13642","targetHints":{"allow":["GET"]}}],"collection":[{"href":"https:\/\/nexelec.eu\/it\/wp-json\/wp\/v2\/pages"}],"about":[{"href":"https:\/\/nexelec.eu\/it\/wp-json\/wp\/v2\/types\/page"}],"author":[{"embeddable":true,"href":"https:\/\/nexelec.eu\/it\/wp-json\/wp\/v2\/users\/2"}],"replies":[{"embeddable":true,"href":"https:\/\/nexelec.eu\/it\/wp-json\/wp\/v2\/comments?post=13642"}],"version-history":[{"count":0,"href":"https:\/\/nexelec.eu\/it\/wp-json\/wp\/v2\/pages\/13642\/revisions"}],"up":[{"embeddable":true,"href":"https:\/\/nexelec.eu\/it\/wp-json\/wp\/v2\/pages\/13616"}],"wp:attachment":[{"href":"https:\/\/nexelec.eu\/it\/wp-json\/wp\/v2\/media?parent=13642"}],"curies":[{"name":"wp","href":"https:\/\/api.w.org\/{rel}","templated":true}]}}